{"id":558,"date":"2021-04-26T10:36:04","date_gmt":"2021-04-26T10:36:04","guid":{"rendered":"http:\/\/livio2020.triplehosting.nl\/?page_id=558"},"modified":"2021-07-09T11:10:47","modified_gmt":"2021-07-09T11:10:47","slug":"impact-corona","status":"publish","type":"page","link":"https:\/\/jaarverslagen.livio.nl\/2020\/impact-corona\/","title":{"rendered":"Impact corona"},"content":{"rendered":"<p>[et_pb_section fb_built=&#8221;1&#8243; _builder_version=&#8221;4.4.8&#8243; background_color=&#8221;#442683&#8243; background_image=&#8221;\/2020\/wp-content\/uploads\/2020\/06\/Paarse-balk-transparant.png&#8221; background_size=&#8221;contain&#8221; background_position=&#8221;bottom_center&#8221; custom_margin=&#8221;0px||||false|false&#8221; custom_padding=&#8221;0px||0px||false|false&#8221; background_last_edited=&#8221;on|phone&#8221; background_enable_image_tablet=&#8221;off&#8221;][et_pb_row column_structure=&#8221;1_2,1_2&#8243; make_equal=&#8221;on&#8221; module_id=&#8221;buttoncontainer&#8221; _builder_version=&#8221;4.4.8&#8243; custom_margin=&#8221;0px||||false|false&#8221; custom_padding=&#8221;0px||||false|false&#8221;][et_pb_column type=&#8221;1_2&#8243; _builder_version=&#8221;4.4.8&#8243; custom_css_main_element=&#8221;position: relative;&#8221;][et_pb_image src=&#8221;\/2020\/wp-content\/uploads\/2021\/06\/Impact-Corona_home_met_masker_full.svg&#8221; title_text=&#8221;Impact Corona_home_met_masker_full&#8221; _builder_version=&#8221;4.9.7&#8243; custom_margin=&#8221;0px||0px||false|false&#8221; custom_margin_tablet=&#8221;0px||0px||false|false&#8221; custom_margin_phone=&#8221;30px||||false|false&#8221; custom_margin_last_edited=&#8221;on|phone&#8221; custom_css_main_element=&#8221;position: absolute;||bottom: -173px;||left: -100px;||right: -15px;&#8221; custom_css_main_element_last_edited=&#8221;on|phone&#8221; custom_css_main_element_tablet=&#8221;position: absolute;||bottom: -30px;||left: -60px;||right: -60px;&#8221; custom_css_main_element_phone=&#8221;position: relative;||bottom: 0px;||left: 0px;||right: 0px;&#8221;][\/et_pb_image][\/et_pb_column][et_pb_column type=&#8221;1_2&#8243; _builder_version=&#8221;4.4.8&#8243;][et_pb_code raw_content_last_edited=&#8221;off|desktop&#8221; disabled_on=&#8221;on|on|on&#8221; admin_label=&#8221;Download en vragen cirkels&#8221; _builder_version=&#8221;4.9.4&#8243; custom_margin=&#8221;||0px||false|false&#8221; disabled=&#8221;on&#8221; global_module=&#8221;153&#8243; saved_tabs=&#8221;all&#8221;]<a href=\"\/download\/\" class=\"download_jaarverslag\"><!-- [et_pb_line_break_holder] -->  <\/p>\n<h2>Download<\/h2>\n<p><!-- [et_pb_line_break_holder] -->\t<pee>Hier het volledige jaarverslag<\/br>2019<\/pee><!-- [et_pb_line_break_holder] --><\/a><!-- [et_pb_line_break_holder] --><a href=\"mailto:info@livio.nl\" class=\"vragen\"><!-- [et_pb_line_break_holder] -->    <\/p>\n<h2>Vragen?<\/h2>\n<p><!-- [et_pb_line_break_holder] -->\t<pee>Neem contact met ons op<\/pee><!-- [et_pb_line_break_holder] --><\/a>[\/et_pb_code][et_pb_text _builder_version=&#8221;4.9.7&#8243; custom_margin=&#8221;100px||0px||false|false&#8221; custom_margin_tablet=&#8221;0px||0px||false|false&#8221; custom_margin_phone=&#8221;0px||||false|false&#8221; custom_margin_last_edited=&#8221;on|phone&#8221; custom_padding=&#8221;||0px||false|false&#8221; custom_padding_tablet=&#8221;||||false|false&#8221; custom_padding_phone=&#8221;&#8221; custom_padding_last_edited=&#8221;on|tablet&#8221; hover_enabled=&#8221;0&#8243; sticky_enabled=&#8221;0&#8243;]<\/p>\n<h1>Impact corona<\/h1>\n<p>[\/et_pb_text][et_pb_text _builder_version=&#8221;4.9.7&#8243; text_text_color=&#8221;#ffffff&#8221; header_4_text_color=&#8221;#ffffff&#8221; width=&#8221;75%&#8221; width_tablet=&#8221;&#8221; width_phone=&#8221;&#8221; width_last_edited=&#8221;on|phone&#8221; custom_margin=&#8221;||0px||false|false&#8221; custom_margin_tablet=&#8221;||100px||false|false&#8221; custom_margin_phone=&#8221;||0px||false|false&#8221; custom_margin_last_edited=&#8221;on|phone&#8221; hover_enabled=&#8221;0&#8243; sticky_enabled=&#8221;0&#8243;]<\/p>\n<p>Het coronavirus zette de wereld in 2020 op z\u2019n kop. Ook bij Livio was de impact groot. Samen hebben we ons ingezet om met elkaar gezond te blijven en het virus buiten de deuren van Livio te houden. Hieronder leest u er meer over.<\/p>\n<p>[\/et_pb_text][\/et_pb_column][\/et_pb_row][\/et_pb_section][et_pb_section fb_built=&#8221;1&#8243; _builder_version=&#8221;4.9.4&#8243; background_color=&#8221;#dedc00&#8243;][et_pb_row _builder_version=&#8221;4.4.8&#8243; custom_padding=&#8221;20px||20px||false|false&#8221;][et_pb_column type=&#8221;4_4&#8243; _builder_version=&#8221;4.4.8&#8243;][et_pb_text _builder_version=&#8221;4.9.7&#8243; text_text_color=&#8221;#442683&#8243; header_4_text_color=&#8221;#ffffff&#8221; text_orientation=&#8221;center&#8221; hover_enabled=&#8221;0&#8243; sticky_enabled=&#8221;0&#8243;]<\/p>\n<p>&nbsp;<\/p>\n<p>Vanaf de start van de coronacrisis in maart 2020 en de invoering van de overheidsmaatregelen heeft Livio continu proactief stappen gezet om hier zo goed mogelijk mee om te gaan. Dit ging gepaard met zorgen \u00e9n opluchting, tranen \u00e9n lichtpuntjes, uitdagingen \u00e9n kansen. Er is een Corona Co\u00f6rdinatie Team gevormd (CCT) bestaande uit de raad van bestuur, management en medische professionals, om vanuit een centraal punt de crisis goed te begeleiden. Er is een coronabeleid geschreven, interne processen zijn aangepast, bezoekersregelingen zijn opgesteld en er is veel aandacht geweest voor communicatie. Hierin heeft veel afstemming plaatsgevonden met de centrale en lokale cli\u00ebntenraden, de ondernemingsraad en de medische adviesraad.<\/p>\n<p>[\/et_pb_text][\/et_pb_column][\/et_pb_row][et_pb_row column_structure=&#8221;1_3,1_3,1_3&#8243; use_custom_gutter=&#8221;on&#8221; gutter_width=&#8221;1&#8243; module_id=&#8221;scrolloutboxes&#8221; _builder_version=&#8221;4.4.8&#8243; custom_margin=&#8221;0px||||false|false&#8221; custom_padding=&#8221;0px||||false|false&#8221;][et_pb_column type=&#8221;1_3&#8243; _builder_version=&#8221;4.4.8&#8243;][et_pb_toggle title=&#8221;Coronamaatregelen&#8221; admin_label=&#8221;Uitklap 1&#8243; module_class=&#8221;uitklap&#8221; _builder_version=&#8221;4.9.7&#8243; custom_margin=&#8221;||45px||false|false&#8221; hover_enabled=&#8221;0&#8243; sticky_enabled=&#8221;0&#8243;]<\/p>\n<p>Om cli\u00ebnten bij Livio te beschermen tegen het coronavirus moesten er verregaande maatregelen worden genomen. Het dieptepunt was het afsluiten van de locaties voor bezoek. Maar ook het instellen van een quarantaine afdeling was een maatregel met grote impact. Bij deze grote besluiten volgde Livio continu de maatregelen die vanuit de overheid werden opgelegd. Er werden creatieve manieren gezocht om onze cli\u00ebnten hierin te ondersteunen. Bijvoorbeeld door middel van beeldbellen, raambezoek, ludieke acties, muziek in de tuinen, het plaatsen van een bezoekerscabine etc. Zo hebben we met elkaar geprobeerd om het contact met familie en de buitenwereld, op een veilige en verantwoorde manier, voor bewoners alsnog mogelijk te maken.\u00a0<\/p>\n<p>[\/et_pb_toggle][et_pb_toggle title=&#8221;Regionale bijdrage&#8221; admin_label=&#8221;Uitklap 4&#8243; module_class=&#8221;uitklap&#8221; _builder_version=&#8221;4.9.7&#8243; custom_margin=&#8221;||45px||false|false&#8221; hover_enabled=&#8221;0&#8243; sticky_enabled=&#8221;0&#8243;]<\/p>\n<p>Livio heeft in de regio een belangrijke en actieve bijdrage geleverd aan de samenwerking inzake het coronavirus. Livio participeerde in diverse regionale overleggen, zowel als deelnemer en voorzitter. Daarnaast werd samen met de Zorgschakel Enschede partners een Corona wijkteam opgezet. Een speciaal team dat zorg verleende aan thuiswonende cli\u00ebnten met corona. In gezamenlijkheid was er ook aandacht voor personele afstemming en een regionaal zorg-continu\u00efteitsplan.<\/p>\n<p>[\/et_pb_toggle][et_pb_toggle title=&#8221;Zorgbonus&#8221; admin_label=&#8221;Uitklap 7&#8243; module_class=&#8221;uitklap&#8221; _builder_version=&#8221;4.9.7&#8243; custom_margin=&#8221;||45px||false|false&#8221;]<\/p>\n<p>In de eerste coronagolf is een uitzonderlijke prestatie geleverd door alle zorgprofessionals. Het kabinet heeft via een zorgbonus haar waardering uitgesproken aan deze medewerkers. Nadat de plannen over de zorgbonus bekend werden, heeft Livio veel inspanningen verricht om deze nog datzelfde jaar uit te kunnen keren aan de medewerkers. Eind 2020 hebben de Livio medewerkers de bonus ontvangen.<\/p>\n<p>[\/et_pb_toggle][\/et_pb_column][et_pb_column type=&#8221;1_3&#8243; _builder_version=&#8221;4.4.8&#8243;][et_pb_toggle title=&#8221;Aandacht voor de zorg&#8221; admin_label=&#8221;Uitklap 2&#8243; module_class=&#8221;uitklap&#8221; _builder_version=&#8221;4.9.7&#8243; custom_margin=&#8221;||45px||false|false&#8221; hover_enabled=&#8221;0&#8243; sticky_enabled=&#8221;0&#8243;]<\/p>\n<p>Op verschillende manieren was er in de coronatijd extra aandacht voor de zorg. Bijvoorbeeld met \u201cklappen voor de zorg\u201d, een landelijke actie om aandacht te vragen voor de uitzonderlijke inzet van de zorg. Ook blij Livio was er extra aandacht voor de zorg. Zo zijn er diverse persoonlijke video&#8217;s opgenomen en gedeeld om collega&#8217;s een steuntje in de rug te geven, vloog er een vliegtuigtuig met dankboodschap over de locaties, kregen collega&#8217;s bijzondere attenties en werden er zijn er speciale campagnes georganiseerd zoals de campagne \u201csamen zorgen voor elkaar\u201d waarbij mensen Livio medewerkers een schouderklopje konden geven etc. Ook deden veel teams mee met de Jerusalema challenge, de verbindende dans van zorgmedewerkers. De acties hebben gezorgd voor extra verbinding en steun in deze heftige tijd.<\/p>\n<p>[\/et_pb_toggle][et_pb_toggle title=&#8221;Livio teststraat&#8221; admin_label=&#8221;Uitklap 5&#8243; module_class=&#8221;uitklap&#8221; _builder_version=&#8221;4.9.7&#8243; custom_margin=&#8221;||45px||false|false&#8221;]<\/p>\n<p>In samenwerking met de arbodienst heeft Livio een teststraat opgezet. Hier konden medewerkers snel terecht om zich te laten testen en werden ze voorzien van de juiste adviezen. De eigen teststraat voorkwam lange wachttijden bij de GGD en zorgde ervoor dat zorgmedewerkers snel duidelijkheid hadden over een eventuele besmetting met het coronavirus.<\/p>\n<p>[\/et_pb_toggle][et_pb_toggle title=&#8221;Coronacompensatieregeling&#8221; admin_label=&#8221;Uitklap 8&#8243; module_class=&#8221;uitklap&#8221; _builder_version=&#8221;4.9.7&#8243; custom_margin=&#8221;||45px||false|false&#8221;]<\/p>\n<p>Corona zorgde ook voor een verandering in de zorgvraag. Nieuwe cli\u00ebnten zagen het verhuizen naar een woonzorgcentrum in deze coronatijd namelijk niet zo zitten. Dit zorgde voor extra druk op het in- en uitstroomproces van cli\u00ebnten. Hierdoor zag Livio ook de financi\u00eble effecten van corona toenemen, waar de overheid deels coronacompensatieregelingen voor instelde.<\/p>\n<p>[\/et_pb_toggle][\/et_pb_column][et_pb_column type=&#8221;1_3&#8243; _builder_version=&#8221;4.4.8&#8243;][et_pb_toggle title=&#8221;We zijn er wanneer nodig&#8221; admin_label=&#8221;Uitklap 3&#8243; module_class=&#8221;uitklap&#8221; _builder_version=&#8221;4.9.7&#8243; custom_margin=&#8221;||45px||false|false&#8221; hover_enabled=&#8221;0&#8243; sticky_enabled=&#8221;0&#8243;]<\/p>\n<p>Om medewerkers in deze heftige tijd ook mentaal te ondersteunen werd er vanuit de afdeling P&amp;O een corona-ondersteuningsteam opgericht. Medewerkers konden hier terecht voor hulp en begeleiding. Of gewoon om even hun hart te luchten. \u2018We zijn er wanneer nodig\u2019<\/p>\n<p>[\/et_pb_toggle][et_pb_toggle title=&#8221;Corona onder medewerkers&#8221; admin_label=&#8221;Uitklap 6&#8243; module_class=&#8221;uitklap&#8221; _builder_version=&#8221;4.9.7&#8243; custom_margin=&#8221;||45px||false|false&#8221; hover_enabled=&#8221;0&#8243; sticky_enabled=&#8221;0&#8243;]<\/p>\n<p>Ook medewerkers van Livio zijn getroffen door het coronavirus. Dit was niet alleen voor henzelf enorm vervelend maar gaf ook extra druk op de organisatie van zorg. Het heeft gezorgd voor een hoog ziekteverzuim. Daarnaast werd ook van alle kantoorfuncties flexibiliteit gevraagd, namelijk thuiswerken. Er werden creatieve, andere oplossingen voor gevonden, waarbij men elkaar in \u2018digitaal beeld\u2019 vond. Overleggen via TEAMS werd het nieuwe normaal, ook voor de centrale cli\u00ebntenraad en ondernemingsraad. Elkaar blijven vinden en op de been houden werd extra belangrijk.<\/p>\n<p>[\/et_pb_toggle][et_pb_toggle title=&#8221;Trots!&#8221; admin_label=&#8221;Uitklap 9&#8243; module_class=&#8221;uitklap&#8221; _builder_version=&#8221;4.9.7&#8243; custom_margin=&#8221;||45px||false|false&#8221; hover_enabled=&#8221;0&#8243; sticky_enabled=&#8221;0&#8243;]<\/p>\n<p>Het coronajaar overziend laat Livio zien dat de organisatie bestaat uit zeer flexibele mensen, die de schouders eronder zetten en elkaar overal en altijd helpen waar dat kan. Een organisatie die in staat is om in tijden van crisis de juiste besluiten te nemen, de interne organisatie op orde te houden en bovenal samen de zorg voor onze cli\u00ebnten overeind te houden. Een prestatie waar iedereen met recht trots op mag zijn!<\/p>\n<p>[\/et_pb_toggle][\/et_pb_column][\/et_pb_row][\/et_pb_section]<\/p>\n","protected":false},"excerpt":{"rendered":"<p>Impact coronaHet coronavirus zette de wereld in 2020 op z\u2019n kop. Ook bij Livio was de impact groot. Samen hebben we ons ingezet om met elkaar gezond te blijven en het virus buiten de deuren van Livio te houden. Hieronder leest u er meer over.&nbsp; Vanaf de start van de coronacrisis in maart 2020 en [&hellip;]<\/p>\n","protected":false},"author":1,"featured_media":0,"parent":0,"menu_order":0,"comment_status":"closed","ping_status":"closed","template":"","meta":{"_et_pb_use_builder":"on","_et_pb_old_content":"","_et_gb_content_width":"","inline_featured_image":false},"_links":{"self":[{"href":"https:\/\/jaarverslagen.livio.nl\/2020\/wp-json\/wp\/v2\/pages\/558"}],"collection":[{"href":"https:\/\/jaarverslagen.livio.nl\/2020\/wp-json\/wp\/v2\/pages"}],"about":[{"href":"https:\/\/jaarverslagen.livio.nl\/2020\/wp-json\/wp\/v2\/types\/page"}],"author":[{"embeddable":true,"href":"https:\/\/jaarverslagen.livio.nl\/2020\/wp-json\/wp\/v2\/users\/1"}],"replies":[{"embeddable":true,"href":"https:\/\/jaarverslagen.livio.nl\/2020\/wp-json\/wp\/v2\/comments?post=558"}],"version-history":[{"count":20,"href":"https:\/\/jaarverslagen.livio.nl\/2020\/wp-json\/wp\/v2\/pages\/558\/revisions"}],"predecessor-version":[{"id":1776,"href":"https:\/\/jaarverslagen.livio.nl\/2020\/wp-json\/wp\/v2\/pages\/558\/revisions\/1776"}],"wp:attachment":[{"href":"https:\/\/jaarverslagen.livio.nl\/2020\/wp-json\/wp\/v2\/media?parent=558"}],"curies":[{"name":"wp","href":"https:\/\/api.w.org\/{rel}","templated":true}]}}