{"id":562,"date":"2021-04-26T10:37:10","date_gmt":"2021-04-26T10:37:10","guid":{"rendered":"http:\/\/livio2020.triplehosting.nl\/?page_id=562"},"modified":"2021-06-29T11:13:32","modified_gmt":"2021-06-29T11:13:32","slug":"herijking-strategie","status":"publish","type":"page","link":"https:\/\/jaarverslagen.livio.nl\/2020\/herijking-strategie\/","title":{"rendered":"Herijking strategie"},"content":{"rendered":"<p>[et_pb_section fb_built=&#8221;1&#8243; _builder_version=&#8221;4.4.8&#8243; background_color=&#8221;#442683&#8243; background_image=&#8221;\/2020\/wp-content\/uploads\/2020\/06\/Paarse-balk-transparant.png&#8221; background_size=&#8221;contain&#8221; background_position=&#8221;bottom_center&#8221; custom_margin=&#8221;0px||||false|false&#8221; custom_padding=&#8221;0px||0px||false|false&#8221; background_last_edited=&#8221;on|phone&#8221; background_enable_image_tablet=&#8221;off&#8221;][et_pb_row column_structure=&#8221;1_2,1_2&#8243; make_equal=&#8221;on&#8221; module_id=&#8221;buttoncontainer&#8221; _builder_version=&#8221;4.4.8&#8243; custom_margin=&#8221;0px||||false|false&#8221; custom_padding=&#8221;0px||||false|false&#8221;][et_pb_column type=&#8221;1_2&#8243; _builder_version=&#8221;4.4.8&#8243; custom_css_main_element=&#8221;position: relative;&#8221;][et_pb_image src=&#8221;\/2020\/wp-content\/uploads\/2021\/06\/Herijking-strategie_vervolg.svg&#8221; title_text=&#8221;Herijking strategie_vervolg&#8221; _builder_version=&#8221;4.9.7&#8243; custom_margin=&#8221;0px||0px||false|false&#8221; custom_margin_tablet=&#8221;0px||0px||false|false&#8221; custom_margin_phone=&#8221;30px||||false|false&#8221; custom_margin_last_edited=&#8221;on|phone&#8221; custom_css_main_element=&#8221;position: absolute;||bottom: -126px;||left: 0px;||right: 0px;&#8221; custom_css_main_element_last_edited=&#8221;on|phone&#8221; custom_css_main_element_tablet=&#8221;position: absolute;||bottom: -30px;||left: -60px;||right: -60px;&#8221; custom_css_main_element_phone=&#8221;position: relative;||bottom: 0px;||left: 0px;||right: 0px;&#8221;][\/et_pb_image][\/et_pb_column][et_pb_column type=&#8221;1_2&#8243; _builder_version=&#8221;4.4.8&#8243;][et_pb_code raw_content_last_edited=&#8221;off|desktop&#8221; disabled_on=&#8221;on|on|on&#8221; admin_label=&#8221;Download en vragen cirkels&#8221; _builder_version=&#8221;4.9.4&#8243; custom_margin=&#8221;||0px||false|false&#8221; disabled=&#8221;on&#8221; global_module=&#8221;153&#8243; saved_tabs=&#8221;all&#8221;]<a href=\"\/download\/\" class=\"download_jaarverslag\"><!-- [et_pb_line_break_holder] -->  <\/p>\n<h2>Download<\/h2>\n<p><!-- [et_pb_line_break_holder] -->\t<pee>Hier het volledige jaarverslag<\/br>2019<\/pee><!-- [et_pb_line_break_holder] --><\/a><!-- [et_pb_line_break_holder] --><a href=\"mailto:info@livio.nl\" class=\"vragen\"><!-- [et_pb_line_break_holder] -->    <\/p>\n<h2>Vragen?<\/h2>\n<p><!-- [et_pb_line_break_holder] -->\t<pee>Neem contact met ons op<\/pee><!-- [et_pb_line_break_holder] --><\/a>[\/et_pb_code][et_pb_text _builder_version=&#8221;4.9.7&#8243; custom_margin=&#8221;100px||0px||false|false&#8221; custom_margin_tablet=&#8221;0px||0px||false|false&#8221; custom_margin_phone=&#8221;0px||||false|false&#8221; custom_margin_last_edited=&#8221;on|phone&#8221; custom_padding=&#8221;||0px||false|false&#8221; custom_padding_tablet=&#8221;||||false|false&#8221; custom_padding_phone=&#8221;&#8221; custom_padding_last_edited=&#8221;on|tablet&#8221;]<\/p>\n<h1>Strategie Livio<\/h1>\n<p>[\/et_pb_text][et_pb_text _builder_version=&#8221;4.9.7&#8243; _module_preset=&#8221;default&#8221; text_text_color=&#8221;#FFFFFF&#8221; custom_margin=&#8221;||50px||false|false&#8221;]<\/p>\n<p>Lees hier meer over de missie, visie en kernwaarden van Livio. Maar ook over de aangescherpte strategische koers. Bekijk tevens &#8220;De Bloem&#8217;, de visuele weergave van de ambities uit de herijkte strategie 2020-2023. <\/p>\n<p>[\/et_pb_text][\/et_pb_column][\/et_pb_row][\/et_pb_section][et_pb_section fb_built=&#8221;1&#8243; _builder_version=&#8221;4.9.4&#8243; background_color=&#8221;#c8d400&#8243;][et_pb_row _builder_version=&#8221;4.9.4&#8243; custom_padding=&#8221;||20px||false|false&#8221;][et_pb_column type=&#8221;4_4&#8243; _builder_version=&#8221;4.4.8&#8243;][et_pb_text _builder_version=&#8221;4.9.7&#8243; text_text_color=&#8221;#442683&#8243; header_4_text_color=&#8221;#ffffff&#8221; text_orientation=&#8221;center&#8221; max_width=&#8221;790px&#8221; module_alignment=&#8221;center&#8221;]<\/p>\n<p>&nbsp;<\/p>\n<h4><strong>Missie<\/strong><\/h4>\n<h4>Waar Livio voor staat&#8230;<\/h4>\n<p>\u201cWij bieden waardevolle, persoonsgerichte zorg in nauwe samenwerking tussen cli\u00ebnt, professionals, vrijwilligers en naasten. Dit doen wij om het welzijn te vergroten met aandacht voor de eigen regie van zowel de cli\u00ebnt als de medewerker, door diensten en werkwijzen voortdurend te ontwikkelen in aansluiting op behoeften vanuit een veranderende wereld.\u201d<\/p>\n<p>[\/et_pb_text][\/et_pb_column][\/et_pb_row][\/et_pb_section][et_pb_section fb_built=&#8221;1&#8243; _builder_version=&#8221;4.9.4&#8243; background_color=&#8221;#49b170&#8243;][et_pb_row _builder_version=&#8221;4.9.4&#8243; custom_padding=&#8221;||20px||false|false&#8221;][et_pb_column type=&#8221;4_4&#8243; _builder_version=&#8221;4.4.8&#8243;][et_pb_text _builder_version=&#8221;4.9.7&#8243; text_text_color=&#8221;#442683&#8243; header_4_text_color=&#8221;#ffffff&#8221; text_orientation=&#8221;center&#8221; max_width=&#8221;790px&#8221; module_alignment=&#8221;center&#8221;]<\/p>\n<h4><strong>Visie<\/strong><\/h4>\n<h4>Waar Livio voor gaat&#8230;<\/h4>\n<p>De cli\u00ebnt is een uniek persoon met eigen verantwoordelijkheid voor zelfzorg en mantelzorg. Binnen Livio heeft de cli\u00ebnt daarom een actieve rol binnen het zorgproces. De Livio professionals treden ondersteunend en adviserend op gebaseerd op het unieke \u2018Mijn Plan\u2019 voor de cli\u00ebnt.<br \/>Zorg wordt geleverd naar wens van de cli\u00ebnt (subjectief), wat er in redelijkheid nodig is en als compensatie daar waar het de cli\u00ebnt zelf of door mantelzorg niet meer lukt.<br \/>De Livio professional geeft invulling aan zijn\/haar rol vanuit een unieke persoonlijkheid en vanuit professie. Door aansprekend en uitstekend werkgeverschap van Livio is er aandacht voor persoonlijke ontwikkeling van medewerkers om daardoor kwalitatief hoogwaardige zorg te kunnen blijven leveren.<\/p>\n<p>[\/et_pb_text][\/et_pb_column][\/et_pb_row][\/et_pb_section][et_pb_section fb_built=&#8221;1&#8243; _builder_version=&#8221;4.9.4&#8243; background_color=&#8221;#c8d400&#8243;][et_pb_row _builder_version=&#8221;4.4.8&#8243; custom_padding=&#8221;20px||20px||false|false&#8221;][et_pb_column type=&#8221;4_4&#8243; _builder_version=&#8221;4.4.8&#8243;][et_pb_text _builder_version=&#8221;4.9.7&#8243; text_text_color=&#8221;#442683&#8243; header_4_text_color=&#8221;#ffffff&#8221; text_orientation=&#8221;center&#8221; max_width=&#8221;790px&#8221; module_alignment=&#8221;center&#8221;]<\/p>\n<h4><strong>Kernwaarden<\/strong><\/h4>\n<h4>Waar Livio in gelooft&#8230;<\/h4>\n<p>\u201cWij geloven in de kwaliteiten van al onze medewerkers. Samengevat zijn deze bepaald op: daadkrachtig, deskundig en samenwerkend. Hierbij onderkennen wij ook een aantal ontwikkelgebieden: geduldig, leergierig en zelfstandig.\u201d<\/p>\n<p>Door de inzet van ieders kwaliteiten en ontwikkelgebieden geeft Livio invulling aan de missie en visie. Daarbij zijn passende kernwaarden opgesteld: toewijding, professionaliteit en verantwoordelijkheid. Deze kernwaarden zijn leidend voor alle medewerkers en zij scheppen duidelijkheid over wat men van alle Livio medewerkers mag verwachten. Intern \u00e9n extern. Livio medewerkers zijn toegewijd, professioneel en verantwoordelijk.<\/p>\n<p>[\/et_pb_text][\/et_pb_column][\/et_pb_row][et_pb_row column_structure=&#8221;1_3,1_3,1_3&#8243; use_custom_gutter=&#8221;on&#8221; gutter_width=&#8221;1&#8243; module_id=&#8221;scrolloutboxes&#8221; _builder_version=&#8221;4.4.8&#8243; custom_margin=&#8221;0px||||false|false&#8221; custom_padding=&#8221;0px||||false|false&#8221;][et_pb_column type=&#8221;1_3&#8243; _builder_version=&#8221;4.4.8&#8243;][et_pb_toggle title=&#8221;Toewijding&#8221; admin_label=&#8221;Uitklap 1&#8243; module_class=&#8221;uitklap&#8221; _builder_version=&#8221;4.9.4&#8243; custom_margin=&#8221;||45px||false|false&#8221;]<\/p>\n<p>Livio medewerkers willen echt iets kunnen betekenen voor cli\u00ebnten. Als werkgever heeft Livio daarbij oog voor de individuele eigenschappen en behoeften van medewerkers. Toegewijde medewerkers krijgen veel vrijheid om zelf de zorg te organiseren, samen met collega teamleden. Met toewijding bewaakt Livio de balans tussen aandacht geven en aandacht krijgen. Door daadkrachtig en geduldig te zijn.<\/p>\n<p>Elke medewerker wil echt iets kunnen betekenen voor elk van de cli\u00ebnten. <br \/>Livio wil iets kunnen betekenen voor elke medewerker, door oog te hebben voor individuele eigenschappen en behoeften. Het gaat hier om de balans tussen aandacht geven en aandacht krijgen.<\/p>\n<p>[\/et_pb_toggle][\/et_pb_column][et_pb_column type=&#8221;1_3&#8243; _builder_version=&#8221;4.4.8&#8243;][et_pb_toggle title=&#8221;Professionaliteit&#8221; admin_label=&#8221;Uitklap 2&#8243; module_class=&#8221;uitklap&#8221; _builder_version=&#8221;4.9.4&#8243; custom_margin=&#8221;||45px||false|false&#8221;]<\/p>\n<p>Elke medewerker is een professional op zijn of haar eigen deskundigheidsgebied, waarbij de individuele benadering van de cli\u00ebnten het hart van onze zorg is.\u00a0\u00a0 <br \/>Livio stimuleert een optimale inzet van ieders deskundigheid \u00e9n faciliteert graag verdere persoonlijke ontwikkeling, want de individuele benadering van onze medewerkers is ook het hart van onze zorg. Professionaliteit door deskundig en leergierig te zijn.<\/p>\n<p>[\/et_pb_toggle][\/et_pb_column][et_pb_column type=&#8221;1_3&#8243; _builder_version=&#8221;4.4.8&#8243;][et_pb_toggle title=&#8221;Verantwoordelijkheid&#8221; admin_label=&#8221;Uitklap 3&#8243; module_class=&#8221;uitklap&#8221; _builder_version=&#8221;4.9.4&#8243; custom_margin=&#8221;||45px||false|false&#8221;]<\/p>\n<p>Elke medewerker draagt er zorg voor dat de cli\u00ebnten elke dag op de afgesproken zorg kunnen rekenen. Medewerkers nemen (ongevraagd) het voortouw en maken af waaraan zij beginnen. Zij durven beslissingen te nemen en pakken door in situaties die daar om vragen. Collega\u2019s kunnen elke dag op elkaars inzet en deskundigheid rekenen. Elk team is een sterk team, omdat een gezamenlijke verantwoordelijkheid wordt gedeeld, binnen \u00e9n buiten de zorg. Door zelfstandigheid \u00e9n samenwerking nemen wij onze verantwoordelijkheid.<\/p>\n<p>[\/et_pb_toggle][\/et_pb_column][\/et_pb_row][et_pb_row _builder_version=&#8221;4.4.8&#8243; custom_padding=&#8221;20px||20px||false|false&#8221;][et_pb_column type=&#8221;4_4&#8243; _builder_version=&#8221;4.4.8&#8243;][et_pb_text _builder_version=&#8221;4.9.4&#8243; text_text_color=&#8221;#442683&#8243; header_2_text_color=&#8221;#FFFFFF&#8221; header_4_text_color=&#8221;#ffffff&#8221; text_orientation=&#8221;center&#8221;]<\/p>\n<h2>Het motto \u201c<em>we zijn er wanneer nodig<\/em>\u201d is vervolgens een logisch gevolg uit bovenstaande visie en overtuiging.<\/h2>\n<p>[\/et_pb_text][\/et_pb_column][\/et_pb_row][\/et_pb_section][et_pb_section fb_built=&#8221;1&#8243; custom_padding_last_edited=&#8221;on|phone&#8221; _builder_version=&#8221;4.9.7&#8243; background_color=&#8221;#442683&#8243; background_image=&#8221;\/2020\/wp-content\/uploads\/2020\/06\/Paarse-balk-transparant.png&#8221; background_size=&#8221;contain&#8221; background_position=&#8221;bottom_center&#8221; custom_margin=&#8221;0px||||false|false&#8221; custom_padding=&#8221;80px||80px||false|false&#8221; custom_padding_tablet=&#8221;50px||50px||false|false&#8221; custom_padding_phone=&#8221;30px||30px||false|false&#8221; hover_enabled=&#8221;0&#8243; background_last_edited=&#8221;on|phone&#8221; background_enable_image_tablet=&#8221;off&#8221; module_id=&#8221;debloem&#8221; sticky_enabled=&#8221;0&#8243;][et_pb_row column_structure=&#8221;1_2,1_2&#8243; make_equal=&#8221;on&#8221; module_id=&#8221;buttoncontainer&#8221; _builder_version=&#8221;4.9.4&#8243; custom_margin=&#8221;0px||||false|false&#8221; custom_padding=&#8221;40px||||false|false&#8221; border_radii=&#8221;on|1px|1px|1px|1px&#8221;][et_pb_column type=&#8221;1_2&#8243; _builder_version=&#8221;4.4.8&#8243; custom_css_main_element=&#8221;position: relative;&#8221;][et_pb_image src=&#8221;\/2020\/wp-content\/uploads\/2021\/06\/De-Bloem_vervolgpagina.svg&#8221; title_text=&#8221;De Bloem_vervolgpagina&#8221; _builder_version=&#8221;4.9.7&#8243; custom_margin=&#8221;0px||0px||false|false&#8221; custom_margin_tablet=&#8221;0px||0px||false|false&#8221; custom_margin_phone=&#8221;40px||50px||false|false&#8221; custom_margin_last_edited=&#8221;on|phone&#8221; custom_css_main_element_last_edited=&#8221;on|tablet&#8221; custom_css_main_element_tablet=&#8221;position: relative;||bottom: 0px;||left: 0px;||right: 0px;&#8221; custom_css_main_element_phone=&#8221;position: relative;||bottom: 0px;||left: 0px;||right: 0px;&#8221;][\/et_pb_image][\/et_pb_column][et_pb_column type=&#8221;1_2&#8243; _builder_version=&#8221;4.4.8&#8243;][et_pb_text _builder_version=&#8221;4.9.7&#8243; text_text_color=&#8221;#ffffff&#8221; header_2_text_color=&#8221;#dedc00&#8243; header_4_text_color=&#8221;#ffffff&#8221; width=&#8221;85%&#8221; width_tablet=&#8221;70%&#8221; width_phone=&#8221;100%&#8221; width_last_edited=&#8221;on|phone&#8221; custom_margin=&#8221;||0px||false|false&#8221; custom_margin_tablet=&#8221;||30px||false|false&#8221; custom_margin_phone=&#8221;||0px||false|false&#8221; custom_margin_last_edited=&#8221;on|phone&#8221;]<\/p>\n<h2>De Bloem<\/h2>\n<p>[\/et_pb_text][et_pb_text _builder_version=&#8221;4.9.4&#8243; text_text_color=&#8221;#ffffff&#8221; header_4_text_color=&#8221;#ffffff&#8221; width=&#8221;85%&#8221; width_tablet=&#8221;70%&#8221; width_phone=&#8221;100%&#8221; width_last_edited=&#8221;on|phone&#8221; custom_margin=&#8221;||0px||false|false&#8221; custom_margin_tablet=&#8221;||30px||false|false&#8221; custom_margin_phone=&#8221;||0px||false|false&#8221; custom_margin_last_edited=&#8221;on|phone&#8221;]<\/p>\n<p>In het jaar 2020 heeft Livio haar visie herijkt, in het licht van de vele uitdagingen op het pad. Dit heeft niet tot grote veranderingen in de strategie geleid, wel tot aanscherping ervan. Daarbij is het strategisch doel voor de jaren 2020-2023 als volgt geformuleerd: \u2018Het bieden van zorg gericht op het ondersteunen van de eigen regie van cli\u00ebnten met aandacht voor cli\u00ebnt \u00e9n medewerker, door zorgvernieuwing (incl. zorgtechnologie), regie in ketensamenwerking, aansprekend zorg-woonaanbod en uitstekend werkgeverschap.\u2019<\/p>\n<p>[\/et_pb_text][\/et_pb_column][\/et_pb_row][\/et_pb_section][et_pb_section fb_built=&#8221;1&#8243; _builder_version=&#8221;4.9.4&#8243; background_color=&#8221;#afca0b&#8221;][et_pb_row column_structure=&#8221;1_2,1_2&#8243; _builder_version=&#8221;4.9.4&#8243; _module_preset=&#8221;default&#8221;][et_pb_column type=&#8221;1_2&#8243; _builder_version=&#8221;4.9.4&#8243; _module_preset=&#8221;default&#8221;][et_pb_text _builder_version=&#8221;4.9.4&#8243; _module_preset=&#8221;default&#8221;]<\/p>\n<p>De strategie voor de komende periode is uitgewerkt volgens een voor Livio nieuwe (OGSM)methodiek. Dit is een systematische methode om ten aanzien van alle uitdagingen inzicht te geven en overzicht te houden. Hierdoor blijven de activiteiten en resultaten per jaar ook hanteerbaar.<br \/>Het strategisch plan 2020-2023 kent vijf grote uitdagingen, gevolgd door vijf strategische ambities, die elk op hun beurt weer leidend zijn voor daaropvolgende keuzes.<\/p>\n<p>Om onze strategie zichtbaar tot leven te brengen binnen de hele organisatie is ervoor gekozen om dit geheel te verbeelden in een BLOEM. De vormgeving en indeling van dit jaarverslag is hierop gebaseerd.<\/p>\n<p>[\/et_pb_text][\/et_pb_column][et_pb_column type=&#8221;1_2&#8243; _builder_version=&#8221;4.9.4&#8243; _module_preset=&#8221;default&#8221;][\/et_pb_column][\/et_pb_row][\/et_pb_section][et_pb_section fb_built=&#8221;1&#8243; module_id=&#8221;hart&#8221; _builder_version=&#8221;4.9.7&#8243; background_color=&#8221;#93c01f&#8221;][et_pb_row column_structure=&#8221;1_2,1_2&#8243; _builder_version=&#8221;4.4.8&#8243; custom_padding=&#8221;20px||20px||false|false&#8221;][et_pb_column type=&#8221;1_2&#8243; _builder_version=&#8221;4.4.8&#8243;][et_pb_image src=&#8221;\/2020\/wp-content\/uploads\/2021\/06\/De-Bloem_home.svg&#8221; title_text=&#8221;De Bloem_home&#8221; align=&#8221;center&#8221; _builder_version=&#8221;4.9.7&#8243; _module_preset=&#8221;default&#8221; height=&#8221;350px&#8221;][\/et_pb_image][et_pb_text _builder_version=&#8221;4.9.7&#8243; _module_preset=&#8221;default&#8221; link_font=&#8221;||||on|||#432683|&#8221; link_text_color=&#8221;#432683&#8243; header_2_text_color=&#8221;#432683&#8243;]<\/p>\n<h2>Het hart van de bloem<\/h2>\n<p>Het hart van de bloem (en daarmee van de strategie)\u00a0 bestaat uit <a href=\"\/zorgvernieuwing\/#mijnplan\" target=\"_blank\" rel=\"noopener\">MijnPlan<\/a>, zowel voor elke cli\u00ebnt als voor elke <a href=\"\/gekwalificeerde-medewerkers\/#mijnplan\" target=\"_blank\" rel=\"noopener\">medewerker<\/a>. Hier zet Livio in op elke individuele situatie, de daarbij gevoelde wensen en behoefte en de daarbij passende aandacht of zorg. Maar \u00f3\u00f3k in op het vinden, binden en blijven boeien van voldoende gekwalificeerde medewerkers.<br \/>Het welbevinden van de cli\u00ebnt \u00e9n van de medewerker staan centraal, door te voelen, te denken en te doen. En dat gebeurt binnen Livio met elkaar, als team!<\/p>\n<p>[\/et_pb_text][\/et_pb_column][et_pb_column type=&#8221;1_2&#8243; _builder_version=&#8221;4.4.8&#8243;][et_pb_image src=&#8221;\/2020\/wp-content\/uploads\/2021\/06\/Basis-op-orde_home.svg&#8221; title_text=&#8221;Basis op orde_home&#8221; align=&#8221;center&#8221; _builder_version=&#8221;4.9.7&#8243; _module_preset=&#8221;default&#8221; height=&#8221;350px&#8221;][\/et_pb_image][et_pb_text _builder_version=&#8221;4.9.7&#8243; _module_preset=&#8221;default&#8221; header_2_text_color=&#8221;#432683&#8243;]<\/p>\n<h2>Basis op orde<\/h2>\n<p>De steel van de bloem voorziet de bloem van voeding en stevigheid. Het illustreert hetgeen Livio als randvoorwaarden ziet, noodzakelijk om continu goede zorg van hoge kwaliteit te kunnen bieden. De basis moet op orde zijn en blijven, te denken aan een jaarlijks gezond financieel rendement, aan een gedegen ICT-infrastructuur en een goed ECD, aan de juiste systemen en technische hulpmiddelen die optimaal ondersteunen, aan een aantrekkelijk functiegebouw.<\/p>\n<p>De steel van de\u00a0 bloem is geworteld in de aarde, oftewel de regio waar Livio graag deel van uit maakt. De samenwerking met alle partijen in de regio is van groot belang, want net zoals binnen Livio voortdurend wordt samengewerkt, gebeurt dit regiobreed ook met alle andere (zorg)partijen.<\/p>\n<p>[\/et_pb_text][\/et_pb_column][\/et_pb_row][\/et_pb_section][et_pb_section fb_built=&#8221;1&#8243; _builder_version=&#8221;4.9.4&#8243; background_color=&#8221;#afca0b&#8221;][et_pb_row _builder_version=&#8221;4.9.4&#8243; _module_preset=&#8221;default&#8221;][et_pb_column type=&#8221;4_4&#8243; _builder_version=&#8221;4.9.4&#8243; _module_preset=&#8221;default&#8221;][et_pb_text _builder_version=&#8221;4.9.7&#8243; _module_preset=&#8221;default&#8221; header_2_text_color=&#8221;#FFFFFF&#8221;]<\/p>\n<h2 style=\"text-align: center;\">De bloembladen staan elk voor een specifieke ambitie voor de komende jaren.<\/h2>\n<p>[\/et_pb_text][\/et_pb_column][\/et_pb_row][et_pb_row column_structure=&#8221;1_2,1_2&#8243; _builder_version=&#8221;4.9.4&#8243; _module_preset=&#8221;default&#8221;][et_pb_column type=&#8221;1_2&#8243; _builder_version=&#8221;4.9.4&#8243; _module_preset=&#8221;default&#8221;][et_pb_image src=&#8221;\/2020\/wp-content\/uploads\/2021\/06\/Zorgvernieuwing_home.svg&#8221; title_text=&#8221;Zorgvernieuwing_home&#8221; align=&#8221;right&#8221; _builder_version=&#8221;4.9.7&#8243; _module_preset=&#8221;default&#8221; height=&#8221;350px&#8221;][\/et_pb_image][et_pb_text _builder_version=&#8221;4.9.7&#8243; _module_preset=&#8221;default&#8221; header_2_text_color=&#8221;#432683&#8243;]<\/p>\n<h2>Zorgvernieuwing<\/h2>\n<p>Livio zet in op zorgvernieuwing en passende zorgtechnologie, om zo de cli\u00ebnten de best passende zorg en behandeling te kunnen blijven bieden.<\/p>\n<p>[\/et_pb_text][\/et_pb_column][et_pb_column type=&#8221;1_2&#8243; _builder_version=&#8221;4.9.4&#8243; _module_preset=&#8221;default&#8221;][et_pb_image src=&#8221;\/2020\/wp-content\/uploads\/2021\/06\/Medewerkers_home.svg&#8221; title_text=&#8221;Medewerkers_home&#8221; _builder_version=&#8221;4.9.7&#8243; _module_preset=&#8221;default&#8221; height=&#8221;350px&#8221;][\/et_pb_image][et_pb_text _builder_version=&#8221;4.9.7&#8243; _module_preset=&#8221;default&#8221; header_2_text_color=&#8221;#432683&#8243;]<\/p>\n<h2>Gekwalificeerde medewerkers<\/h2>\n<p>Livio zet in op aansprekend en uitstekend werkgeverschap door een aantrekkelijk werkgever te zijn, die haar medewerkers een goed perspectief kan bieden.<\/p>\n<p>[\/et_pb_text][\/et_pb_column][\/et_pb_row][et_pb_row column_structure=&#8221;1_2,1_2&#8243; _builder_version=&#8221;4.9.4&#8243; _module_preset=&#8221;default&#8221;][et_pb_column type=&#8221;1_2&#8243; _builder_version=&#8221;4.9.4&#8243; _module_preset=&#8221;default&#8221;][et_pb_image src=&#8221;\/2020\/wp-content\/uploads\/2021\/06\/Samenwerking-keten_home.svg&#8221; title_text=&#8221;Samenwerking keten_home&#8221; align=&#8221;right&#8221; _builder_version=&#8221;4.9.7&#8243; _module_preset=&#8221;default&#8221; height=&#8221;350px&#8221;][\/et_pb_image][et_pb_text _builder_version=&#8221;4.9.7&#8243; _module_preset=&#8221;default&#8221; header_2_text_color=&#8221;#432683&#8243;]<\/p>\n<h2>Samenwerking in de keten<\/h2>\n<p>Livio neemt een regierol in de keten in door partijen in de regio met elkaar te verbinden. Het primaire netwerk (de Zorgschakel Enschede) wordt daarbij optimaal ingezet.<\/p>\n<p>[\/et_pb_text][\/et_pb_column][et_pb_column type=&#8221;1_2&#8243; _builder_version=&#8221;4.9.4&#8243; _module_preset=&#8221;default&#8221;][et_pb_image src=&#8221;\/2020\/wp-content\/uploads\/2021\/06\/Aansprekend-Vastgoed_home_knip.svg&#8221; title_text=&#8221;Aansprekend Vastgoed_home_knip&#8221; _builder_version=&#8221;4.9.7&#8243; _module_preset=&#8221;default&#8221; height=&#8221;350px&#8221;][\/et_pb_image][et_pb_text _builder_version=&#8221;4.9.7&#8243; _module_preset=&#8221;default&#8221; header_2_text_color=&#8221;#432683&#8243;]<\/p>\n<h2>Aansprekend vastgoed<\/h2>\n<p>Livio ontwikkelt aansprekende zorglocaties, waar wonen en verblijf het zorgproces optimaal ondersteunen.<\/p>\n<p>[\/et_pb_text][\/et_pb_column][\/et_pb_row][\/et_pb_section]<\/p>\n","protected":false},"excerpt":{"rendered":"<p>Strategie LivioLees hier meer over de missie, visie en kernwaarden van Livio. Maar ook over de aangescherpte strategische koers. Bekijk tevens &#8220;De Bloem&#8217;, de visuele weergave van de ambities uit de herijkte strategie 2020-2023. &nbsp; Missie Waar Livio voor staat&#8230; \u201cWij bieden waardevolle, persoonsgerichte zorg in nauwe samenwerking tussen cli\u00ebnt, professionals, vrijwilligers en naasten. Dit [&hellip;]<\/p>\n","protected":false},"author":1,"featured_media":0,"parent":0,"menu_order":0,"comment_status":"closed","ping_status":"closed","template":"","meta":{"_et_pb_use_builder":"on","_et_pb_old_content":"","_et_gb_content_width":"","inline_featured_image":false},"_links":{"self":[{"href":"https:\/\/jaarverslagen.livio.nl\/2020\/wp-json\/wp\/v2\/pages\/562"}],"collection":[{"href":"https:\/\/jaarverslagen.livio.nl\/2020\/wp-json\/wp\/v2\/pages"}],"about":[{"href":"https:\/\/jaarverslagen.livio.nl\/2020\/wp-json\/wp\/v2\/types\/page"}],"author":[{"embeddable":true,"href":"https:\/\/jaarverslagen.livio.nl\/2020\/wp-json\/wp\/v2\/users\/1"}],"replies":[{"embeddable":true,"href":"https:\/\/jaarverslagen.livio.nl\/2020\/wp-json\/wp\/v2\/comments?post=562"}],"version-history":[{"count":28,"href":"https:\/\/jaarverslagen.livio.nl\/2020\/wp-json\/wp\/v2\/pages\/562\/revisions"}],"predecessor-version":[{"id":1760,"href":"https:\/\/jaarverslagen.livio.nl\/2020\/wp-json\/wp\/v2\/pages\/562\/revisions\/1760"}],"wp:attachment":[{"href":"https:\/\/jaarverslagen.livio.nl\/2020\/wp-json\/wp\/v2\/media?parent=562"}],"curies":[{"name":"wp","href":"https:\/\/api.w.org\/{rel}","templated":true}]}}