{"id":573,"date":"2021-04-26T10:40:15","date_gmt":"2021-04-26T10:40:15","guid":{"rendered":"http:\/\/livio2020.triplehosting.nl\/?page_id=573"},"modified":"2021-06-28T18:01:54","modified_gmt":"2021-06-28T18:01:54","slug":"aansprekend-vastgoed","status":"publish","type":"page","link":"https:\/\/jaarverslagen.livio.nl\/2020\/aansprekend-vastgoed\/","title":{"rendered":"Aansprekend vastgoed"},"content":{"rendered":"<p>[et_pb_section fb_built=&#8221;1&#8243; _builder_version=&#8221;4.4.8&#8243; background_color=&#8221;#442683&#8243; background_image=&#8221;\/2020\/wp-content\/uploads\/2020\/06\/Paarse-balk-transparant.png&#8221; background_size=&#8221;contain&#8221; background_position=&#8221;bottom_center&#8221; custom_margin=&#8221;0px||||false|false&#8221; custom_padding=&#8221;0px||0px||false|false&#8221; background_last_edited=&#8221;on|phone&#8221; background_enable_image_tablet=&#8221;off&#8221;][et_pb_row column_structure=&#8221;1_2,1_2&#8243; make_equal=&#8221;on&#8221; module_id=&#8221;buttoncontainer&#8221; _builder_version=&#8221;4.4.8&#8243; custom_margin=&#8221;0px||||false|false&#8221; custom_padding=&#8221;0px||||false|false&#8221;][et_pb_column type=&#8221;1_2&#8243; _builder_version=&#8221;4.4.8&#8243; custom_css_main_element=&#8221;position: relative;&#8221;][et_pb_image src=&#8221;\/2020\/wp-content\/uploads\/2021\/06\/Aansprekend-Vastgoed_vervolgpagina.svg&#8221; title_text=&#8221;Aansprekend Vastgoed_vervolgpagina&#8221; _builder_version=&#8221;4.9.7&#8243; custom_margin=&#8221;0px||0px||false|false&#8221; custom_margin_tablet=&#8221;0px||0px||false|false&#8221; custom_margin_phone=&#8221;&#8221; custom_margin_last_edited=&#8221;on|phone&#8221; custom_css_main_element=&#8221;position: absolute;||bottom: -231px;||left: -100px;||right: -150px;&#8221; custom_css_main_element_last_edited=&#8221;on|phone&#8221; custom_css_main_element_tablet=&#8221;position: relative;||bottom: 0px;||left: 0px;||right: 0px;&#8221; custom_css_main_element_phone=&#8221;position: relative;||bottom: 0px;||left: 0px;||right: 0px;&#8221;][\/et_pb_image][\/et_pb_column][et_pb_column type=&#8221;1_2&#8243; _builder_version=&#8221;4.4.8&#8243;][et_pb_code raw_content_last_edited=&#8221;off|desktop&#8221; disabled_on=&#8221;on|on|on&#8221; admin_label=&#8221;Download en vragen cirkels&#8221; _builder_version=&#8221;4.9.4&#8243; custom_margin=&#8221;||0px||false|false&#8221; disabled=&#8221;on&#8221; global_module=&#8221;153&#8243; saved_tabs=&#8221;all&#8221;]<a href=\"\/download\/\" class=\"download_jaarverslag\"><!-- [et_pb_line_break_holder] -->  <\/p>\n<h2>Download<\/h2>\n<p><!-- [et_pb_line_break_holder] -->\t<pee>Hier het volledige jaarverslag<\/br>2019<\/pee><!-- [et_pb_line_break_holder] --><\/a><!-- [et_pb_line_break_holder] --><a href=\"mailto:info@livio.nl\" class=\"vragen\"><!-- [et_pb_line_break_holder] -->    <\/p>\n<h2>Vragen?<\/h2>\n<p><!-- [et_pb_line_break_holder] -->\t<pee>Neem contact met ons op<\/pee><!-- [et_pb_line_break_holder] --><\/a>[\/et_pb_code][et_pb_text _builder_version=&#8221;4.9.7&#8243; custom_margin=&#8221;100px||0px||false|false&#8221; custom_margin_tablet=&#8221;0px||0px||false|false&#8221; custom_margin_phone=&#8221;0px||||false|false&#8221; custom_margin_last_edited=&#8221;on|phone&#8221; custom_padding=&#8221;||0px||false|false&#8221; custom_padding_tablet=&#8221;||||false|false&#8221; custom_padding_phone=&#8221;&#8221; custom_padding_last_edited=&#8221;on|tablet&#8221;]<\/p>\n<h1>Aansprekend vastgoed<\/h1>\n<p>[\/et_pb_text][et_pb_text _builder_version=&#8221;4.9.7&#8243; text_text_color=&#8221;#ffffff&#8221; header_4_text_color=&#8221;#ffffff&#8221; width_tablet=&#8221;&#8221; width_phone=&#8221;&#8221; width_last_edited=&#8221;on|phone&#8221; custom_margin=&#8221;||100px||false|false&#8221; custom_margin_tablet=&#8221;||100px||false|false&#8221; custom_margin_phone=&#8221;||0px||false|false&#8221; custom_margin_last_edited=&#8221;on|phone&#8221; hover_enabled=&#8221;0&#8243; custom_css_main_element=&#8221;max-width: calc(100% &#8211; 200px);&#8221; custom_css_main_element_last_edited=&#8221;on|desktop&#8221; custom_css_main_element_tablet=&#8221;max-width: calc(100% &#8211; 250px);&#8221; custom_css_main_element_phone=&#8221;||&#8221; sticky_enabled=&#8221;0&#8243;]<\/p>\n<p>Beschikken over een aansprekend zorg- en woonaanbod, een ambitie van Livio waar iedere dag weer hard aan wordt gewerkt.<\/p>\n<p>[\/et_pb_text][\/et_pb_column][\/et_pb_row][\/et_pb_section][et_pb_section fb_built=&#8221;1&#8243; _builder_version=&#8221;4.9.4&#8243; background_color=&#8221;#afca0b&#8221;][et_pb_row _builder_version=&#8221;4.4.8&#8243; custom_padding=&#8221;20px||20px||false|false&#8221;][et_pb_column type=&#8221;4_4&#8243; _builder_version=&#8221;4.4.8&#8243;][et_pb_text _builder_version=&#8221;4.9.7&#8243; text_text_color=&#8221;#442683&#8243; header_4_text_color=&#8221;#ffffff&#8221; text_orientation=&#8221;center&#8221; hover_enabled=&#8221;0&#8243; sticky_enabled=&#8221;0&#8243;]<\/p>\n<p>&nbsp;<\/p>\n<p>Op het juiste moment de juiste woonruimte kunnen bieden, dat is hoe Livio deze ambitie wil gaan realiseren. Wat is er in 2020 gedaan? U leest het hieronder.<\/p>\n<p>[\/et_pb_text][\/et_pb_column][\/et_pb_row][et_pb_row column_structure=&#8221;1_3,1_3,1_3&#8243; use_custom_gutter=&#8221;on&#8221; gutter_width=&#8221;1&#8243; module_id=&#8221;scrolloutboxes&#8221; _builder_version=&#8221;4.4.8&#8243; custom_margin=&#8221;0px||||false|false&#8221; custom_padding=&#8221;0px||||false|false&#8221;][et_pb_column type=&#8221;1_3&#8243; _builder_version=&#8221;4.4.8&#8243;][et_pb_toggle title=&#8221;Strategisch huisvestingsplan&#8221; admin_label=&#8221;Uitklap 1&#8243; module_class=&#8221;uitklap&#8221; _builder_version=&#8221;4.9.7&#8243; custom_margin=&#8221;||45px||false|false&#8221;]<\/p>\n<p>Livio heeft in 2020 de visie en strategie van de organisatie ook vertaald naar het beleid voor onze gebouwen: het strategisch huisvestingsplan. Hierin wordt het beleid met de uitgangspunten en de daaruit volgende keuzes \u00a0met betrekking tot de huisvesting van onze veertien locaties beschreven voor de komende jaren. \u00a0Livio gaat voor waardevolle en persoonsgerichte zorg, waarbij de cli\u00ebnt en diens eigen regie altijd het uitgangspunt zijn. Met focus op wat w\u00e9l kan en niet op wat minder goed of niet meer kan. Huisvesting dient daarbij een toegevoegde waarde te cre\u00ebren voor de cli\u00ebnt.<\/p>\n<p><a class=\"open-button\" href=\"#\"><img decoding=\"async\" loading=\"lazy\" class=\"wp-image-687 alignnone \" src=\"\/2020\/wp-content\/uploads\/2021\/05\/Afbeelding10-300x168.png\" alt=\"\" width=\"418\" height=\"234\" srcset=\"https:\/\/jaarverslagen.livio.nl\/2020\/wp-content\/uploads\/2021\/05\/Afbeelding10-300x168.png 300w, https:\/\/jaarverslagen.livio.nl\/2020\/wp-content\/uploads\/2021\/05\/Afbeelding10-768x429.png 768w, https:\/\/jaarverslagen.livio.nl\/2020\/wp-content\/uploads\/2021\/05\/Afbeelding10-480x268.png 480w, https:\/\/jaarverslagen.livio.nl\/2020\/wp-content\/uploads\/2021\/05\/Afbeelding10.png 816w\" sizes=\"(max-width: 418px) 100vw, 418px\" \/><\/a><\/p>\n<div class=\"project-overlay\">\n<div class=\"project-wrapper\">\n<div class=\"close-button\"><\/div>\n<div class=\"pop-up-text\">\n<p><img decoding=\"async\" class=\"wp-image-687 alignnone \" width=\"618\" src=\"\/2020\/wp-content\/uploads\/2021\/05\/Afbeelding10-300x168.png\" alt=\"\" srcset=\"https:\/\/jaarverslagen.livio.nl\/2020\/wp-content\/uploads\/2021\/05\/Afbeelding10-300x168.png 300w, https:\/\/jaarverslagen.livio.nl\/2020\/wp-content\/uploads\/2021\/05\/Afbeelding10-768x429.png 768w, https:\/\/jaarverslagen.livio.nl\/2020\/wp-content\/uploads\/2021\/05\/Afbeelding10-480x268.png 480w, https:\/\/jaarverslagen.livio.nl\/2020\/wp-content\/uploads\/2021\/05\/Afbeelding10.png 816w\" sizes=\"(max-width: 300px) 100vw, 300px\" \/><\/p>\n<\/div>\n<\/div>\n<\/div>\n<p><strong>Huisvestingsvisie<\/strong><br \/>De huisvestingsvisie van Livio is dat het vastgoed maximale toegevoegde waarde moet cre\u00ebren voor de zorgprocessen, voor het wonen en voor het leveren van zorg en diensten. Hierin speelt de woonzorgcirkel een cruciale rol. Een woonzorgcirkel is een gebied waarbinnen een bepaald pakket aan (zorg)diensten gegarandeerd wordt voor de bewoners. Dit pakket kan intramurale zorg voor een belangrijk deel vervangen, passend bij de landelijke koers om zo lang mogelijk zelfstandig thuis te blijven wonen. Binnen een woonzorgcirkel werkt Livio nauw samen met andere partners op het gebied van wonen, welzijn en zorg.<\/p>\n<p><strong>Klantreis<\/strong><br \/>Livio bekijkt alle processen, diensten \u00e9n huisvesting vanuit het klantperspectief en vanuit die invalshoek is het doel om elke cli\u00ebnt gedurende de gehele klantreis te kunnen voorzien van de juiste zorg en de juiste diensten in de juiste (en daarmee passende) woonomgeving. Livio biedt in alle fasen van deze klantreis zorg en diensten aan, onder meer wijkverpleging, generieke en gespecialiseerde zorg in verpleeghuizen en zorg in woonzorgcentra. Maar ook aanvullende diensten zijn onderdeel van een behoefte op de klantreis, zoals persoonsalarmering.<\/p>\n<p>[\/et_pb_toggle][\/et_pb_column][et_pb_column type=&#8221;1_3&#8243; _builder_version=&#8221;4.4.8&#8243;][et_pb_toggle title=&#8221;Verbouwing de Cromhoff&#8221; admin_label=&#8221;Uitklap 2&#8243; module_class=&#8221;uitklap&#8221; _builder_version=&#8221;4.9.7&#8243; custom_margin=&#8221;||45px||false|false&#8221;]<\/p>\n<p>Een van de concrete uitwerkingen van het strategisch huisvestingsplan is de start in 2020 van een grootscheepse renovatie en verbouwing van verpleeghuis de Cromhoff. Dit is een specialistisch verpleeghuis, deels gebouwd in 1968 en deels in 1999. Livio vernieuwt de locatie tot een eigentijds geriatrisch expertisecentrum in de huidige woonzorgcirkel in Enschede, waar specialistische zorg en verblijf wordt geleverd op het gebied van psychogeriatrische en somatische zorg. Daarnaast biedt het kortdurend verblijf en behandeling bij complexe aandoeningen en inzake geriatrische revalidatiezorg.<br \/>Dit maakt verbetering en modernisering van de woonkwaliteit en algemene ruimten noodzakelijk. Met deze verbouwing\u00a0wordt zowel\u00a0de privacy als de\u00a0bewegingsvrijheid van de cli\u00ebnt verhoogd\u00a0en\u00a0de kwaliteit van wonen verder verbeterd.<\/p>\n<p>Begin oktober 2020 is gestart met de\u00a0verbouwing, fase \u00e9\u00e9n van drie fasen. De doorlooptijd van het totale project bedraagt ongeveer drie jaar.<\/p>\n<p><a class=\"open-button\" href=\"#\"><u>Fase 1: Renoveren centrale hart\u00a0begane grond<\/u><\/a><\/p>\n<div class=\"project-overlay\">\n<div class=\"project-wrapper\">\n<div class=\"close-button\"><\/div>\n<div class=\"pop-up-text\">\n<p>In fase 1 wordt het centrale hart van de Cromhoff aangepakt. Het Grand Caf\u00e9 wordt gemoderniseerd en er wordt een nieuwe keuken, spoelkeuken, magazijn gerealiseerd. De winkel wordt ge\u00efntegreerd in het Grand Caf\u00e9 en de huidige Binnenhof (vergaderruimte bij ZorgBoulevard) wordt omgebouwd tot oefenzaal met behandelkamers voor de fysiotherapie, logopedie, ergotherapie en di\u00ebtetiek.<\/p>\n<p>Vervolgens wordt de rest van de centrale hal aangepakt. De zitjes worden vernieuwd, er wordt plaatsgemaakt voor meer groen en de kantoren op de begane grond worden gemoderniseerd. Als laatste wordt het buitenterrein aangepakt, zodat de veranderingen buiten ook goed zichtbaar zijn. Bij de overgang naar 2021 is deze verbouwing in volle gang en naar verwachting is deze gereed in april 2021.<\/p>\n<\/div>\n<\/div>\n<\/div>\n<p><a class=\"open-button\" href=\"#\"><u>Fase 2: Nieuwbouw zorgappartementen<\/u><\/a><\/p>\n<div class=\"project-overlay\">\n<div class=\"project-wrapper\">\n<div class=\"close-button\"><\/div>\n<div class=\"pop-up-text\">Aansluitend zal in 2021 dan fase 2 bestaan uit slopen van de kantoorvleugel en nieuwbouwen op diezelfde plek van een woonvleugel met drie woonlagen met elk 10 eigentijdse zorgappartementen. In 2020 is hiervoor de eerste fase van de aanbesteding doorlopen. De aanvang van de bouw is naar verwachting zomer 2021.<\/div>\n<\/div>\n<\/div>\n<p><a class=\"open-button\" href=\"#\"><u>Fase 3: Renovatie zorgafdelingen<\/u><\/a><\/p>\n<div class=\"project-overlay\">\n<div class=\"project-wrapper\">\n<div class=\"close-button\"><\/div>\n<div class=\"pop-up-text\">De laatste fase bestaat uit de renovatie van de huidige zes zorgafdelingen, waarbij deze grootschalige afdelingen worden omgevormd naar kleinschalige woongroepen van 10 appartementen en een huiskamer. Dit zal bijdragen aan het leveren van waardevolle en persoonsgerichte zorg.<\/div>\n<\/div>\n<\/div>\n<p><strong>Sfeerimpressies<\/strong><\/p>\n<p><a class=\"open-button\" href=\"#\"><u>Van oud naar nieuw<\/u><\/a><\/p>\n<div class=\"project-overlay\">\n<div class=\"project-wrapper\">\n<div class=\"close-button\"><\/div>\n<div class=\"pop-up-text\">\n<p>Voor:<\/p>\n<p><img decoding=\"async\" loading=\"lazy\" class=\"wp-image-682 alignnone size-medium\" src=\"\/2020\/wp-content\/uploads\/2021\/05\/Afbeelding7-300x222.jpg\" alt=\"\" width=\"400\" height=\"222\" \/><br \/>Na:<\/p>\n<p><img decoding=\"async\" loading=\"lazy\" class=\"wp-image-683 alignnone size-medium\" src=\"\/2020\/wp-content\/uploads\/2021\/05\/Afbeelding8-300x222.jpg\" alt=\"\" width=\"400\" height=\"222\" \/><\/p>\n<\/div>\n<\/div>\n<\/div>\n<p><a class=\"open-button\" href=\"#\"><u>Impressie buiten en binnenzijde<\/u><\/a><\/p>\n<div class=\"project-overlay\">\n<div class=\"project-wrapper\">\n<div class=\"close-button\"><\/div>\n<div class=\"pop-up-text\"><center><img decoding=\"async\" loading=\"lazy\" class=\"wp-image-1093 alignnone size-medium\" src=\"\/2020\/wp-content\/uploads\/2021\/06\/verbouwing.png\" alt=\"\" width=\"700\" height=\"195\" \/><\/center><\/div>\n<\/div>\n<\/div>\n<p><a class=\"open-button\" href=\"#\"><u>Meer impressies<\/u><\/a><\/p>\n<div class=\"project-overlay\">\n<div class=\"project-wrapper\">\n<div class=\"close-button\"><\/div>\n<div class=\"pop-up-text\">\n<p><center><br \/><img decoding=\"async\" loading=\"lazy\" class=\"wp-image-1171 alignnone size-medium\" src=\"\/2020\/wp-content\/uploads\/2021\/06\/20210414_170407-300x225.jpg\" alt=\"\" width=\"300\" height=\"225\" srcset=\"https:\/\/jaarverslagen.livio.nl\/2020\/wp-content\/uploads\/2021\/06\/20210414_170407-300x225.jpg 300w, https:\/\/jaarverslagen.livio.nl\/2020\/wp-content\/uploads\/2021\/06\/20210414_170407-1024x768.jpg 1024w, https:\/\/jaarverslagen.livio.nl\/2020\/wp-content\/uploads\/2021\/06\/20210414_170407-768x576.jpg 768w, https:\/\/jaarverslagen.livio.nl\/2020\/wp-content\/uploads\/2021\/06\/20210414_170407-1536x1152.jpg 1536w, https:\/\/jaarverslagen.livio.nl\/2020\/wp-content\/uploads\/2021\/06\/20210414_170407-2048x1536.jpg 2048w, https:\/\/jaarverslagen.livio.nl\/2020\/wp-content\/uploads\/2021\/06\/20210414_170407-510x382.jpg 510w, https:\/\/jaarverslagen.livio.nl\/2020\/wp-content\/uploads\/2021\/06\/20210414_170407-1080x810.jpg 1080w, https:\/\/jaarverslagen.livio.nl\/2020\/wp-content\/uploads\/2021\/06\/20210414_170407-1280x960.jpg 1280w, https:\/\/jaarverslagen.livio.nl\/2020\/wp-content\/uploads\/2021\/06\/20210414_170407-980x735.jpg 980w, https:\/\/jaarverslagen.livio.nl\/2020\/wp-content\/uploads\/2021\/06\/20210414_170407-480x360.jpg 480w\" sizes=\"(max-width: 300px) 100vw, 300px\" \/><img decoding=\"async\" loading=\"lazy\" class=\"wp-image-1172 alignnone size-medium\" src=\"\/2020\/wp-content\/uploads\/2021\/06\/20210414_170253-300x225.jpg\" alt=\"\" width=\"300\" height=\"225\" srcset=\"https:\/\/jaarverslagen.livio.nl\/2020\/wp-content\/uploads\/2021\/06\/20210414_170253-300x225.jpg 300w, https:\/\/jaarverslagen.livio.nl\/2020\/wp-content\/uploads\/2021\/06\/20210414_170253-1024x768.jpg 1024w, https:\/\/jaarverslagen.livio.nl\/2020\/wp-content\/uploads\/2021\/06\/20210414_170253-768x576.jpg 768w, https:\/\/jaarverslagen.livio.nl\/2020\/wp-content\/uploads\/2021\/06\/20210414_170253-1536x1152.jpg 1536w, https:\/\/jaarverslagen.livio.nl\/2020\/wp-content\/uploads\/2021\/06\/20210414_170253-2048x1536.jpg 2048w, https:\/\/jaarverslagen.livio.nl\/2020\/wp-content\/uploads\/2021\/06\/20210414_170253-510x382.jpg 510w, https:\/\/jaarverslagen.livio.nl\/2020\/wp-content\/uploads\/2021\/06\/20210414_170253-1080x810.jpg 1080w, https:\/\/jaarverslagen.livio.nl\/2020\/wp-content\/uploads\/2021\/06\/20210414_170253-1280x960.jpg 1280w, https:\/\/jaarverslagen.livio.nl\/2020\/wp-content\/uploads\/2021\/06\/20210414_170253-980x735.jpg 980w, https:\/\/jaarverslagen.livio.nl\/2020\/wp-content\/uploads\/2021\/06\/20210414_170253-480x360.jpg 480w\" sizes=\"(max-width: 300px) 100vw, 300px\" \/><img decoding=\"async\" loading=\"lazy\" class=\"wp-image-1173 alignnone size-medium\" src=\"\/2020\/wp-content\/uploads\/2021\/06\/20210414_170337-300x225.jpg\" alt=\"\" width=\"300\" height=\"225\" srcset=\"https:\/\/jaarverslagen.livio.nl\/2020\/wp-content\/uploads\/2021\/06\/20210414_170337-300x225.jpg 300w, https:\/\/jaarverslagen.livio.nl\/2020\/wp-content\/uploads\/2021\/06\/20210414_170337-1024x768.jpg 1024w, https:\/\/jaarverslagen.livio.nl\/2020\/wp-content\/uploads\/2021\/06\/20210414_170337-768x576.jpg 768w, https:\/\/jaarverslagen.livio.nl\/2020\/wp-content\/uploads\/2021\/06\/20210414_170337-1536x1152.jpg 1536w, https:\/\/jaarverslagen.livio.nl\/2020\/wp-content\/uploads\/2021\/06\/20210414_170337-2048x1536.jpg 2048w, https:\/\/jaarverslagen.livio.nl\/2020\/wp-content\/uploads\/2021\/06\/20210414_170337-510x382.jpg 510w, https:\/\/jaarverslagen.livio.nl\/2020\/wp-content\/uploads\/2021\/06\/20210414_170337-1080x810.jpg 1080w, https:\/\/jaarverslagen.livio.nl\/2020\/wp-content\/uploads\/2021\/06\/20210414_170337-1280x960.jpg 1280w, https:\/\/jaarverslagen.livio.nl\/2020\/wp-content\/uploads\/2021\/06\/20210414_170337-980x735.jpg 980w, https:\/\/jaarverslagen.livio.nl\/2020\/wp-content\/uploads\/2021\/06\/20210414_170337-480x360.jpg 480w\" sizes=\"(max-width: 300px) 100vw, 300px\" \/>\u00a0<\/p>\n<p><img decoding=\"async\" loading=\"lazy\" class=\"wp-image-1174 alignnone size-medium\" src=\"\/2020\/wp-content\/uploads\/2021\/06\/20210414_170348-300x225.jpg\" alt=\"\" width=\"300\" height=\"225\" srcset=\"https:\/\/jaarverslagen.livio.nl\/2020\/wp-content\/uploads\/2021\/06\/20210414_170348-300x225.jpg 300w, https:\/\/jaarverslagen.livio.nl\/2020\/wp-content\/uploads\/2021\/06\/20210414_170348-1024x768.jpg 1024w, https:\/\/jaarverslagen.livio.nl\/2020\/wp-content\/uploads\/2021\/06\/20210414_170348-768x576.jpg 768w, https:\/\/jaarverslagen.livio.nl\/2020\/wp-content\/uploads\/2021\/06\/20210414_170348-1536x1152.jpg 1536w, https:\/\/jaarverslagen.livio.nl\/2020\/wp-content\/uploads\/2021\/06\/20210414_170348-2048x1536.jpg 2048w, https:\/\/jaarverslagen.livio.nl\/2020\/wp-content\/uploads\/2021\/06\/20210414_170348-510x382.jpg 510w, https:\/\/jaarverslagen.livio.nl\/2020\/wp-content\/uploads\/2021\/06\/20210414_170348-1080x810.jpg 1080w, https:\/\/jaarverslagen.livio.nl\/2020\/wp-content\/uploads\/2021\/06\/20210414_170348-1280x960.jpg 1280w, https:\/\/jaarverslagen.livio.nl\/2020\/wp-content\/uploads\/2021\/06\/20210414_170348-980x735.jpg 980w, https:\/\/jaarverslagen.livio.nl\/2020\/wp-content\/uploads\/2021\/06\/20210414_170348-480x360.jpg 480w\" sizes=\"(max-width: 300px) 100vw, 300px\" \/><\/p>\n<p>&nbsp;<\/p>\n<p>&nbsp;<\/p>\n<p>&nbsp;<\/p>\n<p><\/center><\/div>\n<\/div>\n<\/div>\n<p>[\/et_pb_toggle][\/et_pb_column][et_pb_column type=&#8221;1_3&#8243; _builder_version=&#8221;4.4.8&#8243;][et_pb_toggle title=&#8221;Duurzaam Livio&#8221; admin_label=&#8221;Uitklap 3&#8243; module_class=&#8221;uitklap&#8221; _builder_version=&#8221;4.9.7&#8243; custom_margin=&#8221;||45px||false|false&#8221;]<\/p>\n<p>Duurzaamheid is een belangrijk speerpunt in de samenleving en daarmee ook bij Livio. Niet alleen vanwege verplichtingen vanuit wet &#8211; en regelgeving, zoals de Energie Effici\u00ebntie Richtlijn (EER), \u00a0maar juist ook omdat Livio ervan overtuigd is dat het bijdraagt aan een prettige woon &#8211; en werkomgeving. Tevens bereidt Livio zich, door te anticiperen op alle ontwikkelingen, klaar voor een toekomstbestendige duurzame organisatie.<\/p>\n<p><strong>Resultaten in 2020<\/strong><\/p>\n<p>Livio is in 2020, als \u00e9\u00e9n van de eerste organisaties in de regio, lid geworden van het Milieuplatform Zorg (MPZ), de branchevereniging voor duurzaamheid in de zorg. Dit platform helpt de zorg nog verder te verduurzamen door middel van praktische tools (bijvoorbeeld de <a class=\"open-button\" href=\"#\"><u>Milieuthermometer Zorg<\/u><\/a>) en goede voorbeelden, handleidingen en tips. Livio zal in dit actief lerend netwerk nieuwe kennis en ervaringen ophalen \u00e9n brengen.<\/p>\n<p>In 2020 is Livio ook gestart met energiemanagement. Op installaties voor koelen en verwarmen zijn meters geplaatst die exact registreren wanneer gas, elektra of stadsverwarming gebruikt wordt. Daarbij worden de instellingen van de technische installaties beoordeeld en zo nodig bijgesteld. Er zijn al mooie resultaten behaald.<\/p>\n<p>Duurzaam vastgoed speelt een belangrijke rol bij de (ver)nieuwbouw van verpleeghuis de Cromhoff. In fase 2 van dit project wordt een bouwdeel gesloopt en komt er nieuwbouw van 30 appartementen voor in de plaats. Dit is een uitgelezen kans om een modern en duurzaam pand te realiseren. Eind 2020 is de selectie voor de uitvoerende partijen georganiseerd. Selectie heeft onder andere plaatsgevonden op basis van <em>duurzaamheidscriteria<\/em> als hergebruik van materialen, duurzaam afvoeren sloopmateriaal en energetische eisen. Ook is bewust gekeken naar <em>regionale bouwers<\/em> om zo het aantal transportkilometers te beperken.<\/p>\n<p>In 2020 hebben heeft Livio vooral het scheiden van zakelijk PMD-afval (plastic, metaal en drinkkartons) aandacht gegeven. Hiermee speelt Livio in op het landelijke programma \u2018Nederland Circulair in 2050\u2019. Vanaf het najaar 2020 wordt per twee locaties het PMD-afval gescheiden ingezameld.\u00a0<\/p>\n<div class=\"project-overlay\">\n<div class=\"project-wrapper\">\n<div class=\"close-button\"><\/div>\n<div class=\"pop-up-text\">\n<p>De Milieuthermometer Zorg is een landelijk meetbaar milieumanagementsysteem, dat een duurzame bedrijfsvoering stimuleert en borgt en goede resultaten beloont met een certificering. Thema\u2019s die met de Milieuthermometer Zorg aan bod komen zijn: management, energie, water, afvalwater, bodem, lucht, afval, hinder, gevaarlijke stoffen, catering en voeding, reiniging, vervoer, inkoop, vastgoed, groenbeheer, papier en textiel.<\/p>\n<p>Met de Milieuthermometer krijgt de instelling de beschikking over een handzaam instrument om de milieuprestatie en milieuzorg structureel te verbeteren en concreet aantoonbaar te maken voor personeelsleden, cli\u00ebnten, bezoekers en belanghebbenden zoals de zorgverzekeraars, gemeenten en bevoegd gezag.<\/p>\n<p>De Milieuthermometer kent drie certificeringsniveaus: brons, zilver en goud.<br \/>Livio heeft in 2020 de eerste stappen gezet om te komen tot een bronzen certificaat.<\/p>\n<\/div>\n<\/div>\n<\/div>\n<p>[\/et_pb_toggle][\/et_pb_column][\/et_pb_row][\/et_pb_section]<\/p>\n","protected":false},"excerpt":{"rendered":"<p>Aansprekend vastgoedBeschikken over een aansprekend zorg- en woonaanbod, een ambitie van Livio waar iedere dag weer hard aan wordt gewerkt. &nbsp; Op het juiste moment de juiste woonruimte kunnen bieden, dat is hoe Livio deze ambitie wil gaan realiseren. Wat is er in 2020 gedaan? U leest het hieronder.Livio heeft in 2020 de visie en [&hellip;]<\/p>\n","protected":false},"author":1,"featured_media":0,"parent":0,"menu_order":0,"comment_status":"closed","ping_status":"closed","template":"","meta":{"_et_pb_use_builder":"on","_et_pb_old_content":"","_et_gb_content_width":"","inline_featured_image":false},"_links":{"self":[{"href":"https:\/\/jaarverslagen.livio.nl\/2020\/wp-json\/wp\/v2\/pages\/573"}],"collection":[{"href":"https:\/\/jaarverslagen.livio.nl\/2020\/wp-json\/wp\/v2\/pages"}],"about":[{"href":"https:\/\/jaarverslagen.livio.nl\/2020\/wp-json\/wp\/v2\/types\/page"}],"author":[{"embeddable":true,"href":"https:\/\/jaarverslagen.livio.nl\/2020\/wp-json\/wp\/v2\/users\/1"}],"replies":[{"embeddable":true,"href":"https:\/\/jaarverslagen.livio.nl\/2020\/wp-json\/wp\/v2\/comments?post=573"}],"version-history":[{"count":44,"href":"https:\/\/jaarverslagen.livio.nl\/2020\/wp-json\/wp\/v2\/pages\/573\/revisions"}],"predecessor-version":[{"id":1752,"href":"https:\/\/jaarverslagen.livio.nl\/2020\/wp-json\/wp\/v2\/pages\/573\/revisions\/1752"}],"wp:attachment":[{"href":"https:\/\/jaarverslagen.livio.nl\/2020\/wp-json\/wp\/v2\/media?parent=573"}],"curies":[{"name":"wp","href":"https:\/\/api.w.org\/{rel}","templated":true}]}}