{"id":97,"date":"2020-06-08T13:35:21","date_gmt":"2020-06-08T13:35:21","guid":{"rendered":"https:\/\/livio.triplehosting.nl\/?page_id=97"},"modified":"2021-06-28T18:11:14","modified_gmt":"2021-06-28T18:11:14","slug":"samenwerking-in-keten","status":"publish","type":"page","link":"https:\/\/jaarverslagen.livio.nl\/2020\/samenwerking-in-keten\/","title":{"rendered":"Samenwerking in keten"},"content":{"rendered":"<p>[et_pb_section fb_built=&#8221;1&#8243; _builder_version=&#8221;4.4.8&#8243; background_color=&#8221;#442683&#8243; background_image=&#8221;\/2020\/wp-content\/uploads\/2020\/06\/Paarse-balk-transparant.png&#8221; background_size=&#8221;contain&#8221; background_position=&#8221;bottom_center&#8221; custom_margin=&#8221;0px||||false|false&#8221; custom_padding=&#8221;0px||0px||false|false&#8221; background_last_edited=&#8221;on|phone&#8221; background_enable_image_tablet=&#8221;off&#8221;][et_pb_row column_structure=&#8221;1_2,1_2&#8243; module_id=&#8221;buttoncontainer&#8221; _builder_version=&#8221;4.4.8&#8243; custom_margin=&#8221;0px||||false|false&#8221; custom_padding=&#8221;0px||||false|false&#8221;][et_pb_column type=&#8221;1_2&#8243; _builder_version=&#8221;4.4.8&#8243;][et_pb_image src=&#8221;\/2020\/wp-content\/uploads\/2021\/06\/Samenwerking-keten_vervolg.svg&#8221; title_text=&#8221;Samenwerking keten_vervolg&#8221; _builder_version=&#8221;4.9.7&#8243; custom_margin=&#8221;70px||-140px||false|false&#8221; custom_margin_tablet=&#8221;30px||0px||false|false&#8221; custom_margin_phone=&#8221;&#8221; custom_margin_last_edited=&#8221;on|tablet&#8221;][\/et_pb_image][\/et_pb_column][et_pb_column type=&#8221;1_2&#8243; _builder_version=&#8221;4.4.8&#8243;][et_pb_code raw_content_last_edited=&#8221;off|desktop&#8221; disabled_on=&#8221;on|on|on&#8221; admin_label=&#8221;Download en vragen cirkels&#8221; _builder_version=&#8221;4.9.4&#8243; disabled=&#8221;on&#8221; global_module=&#8221;153&#8243; saved_tabs=&#8221;all&#8221;]<a href=\"\/download\/\" class=\"download_jaarverslag\"><!-- [et_pb_line_break_holder] -->  <\/p>\n<h2>Download<\/h2>\n<p><!-- [et_pb_line_break_holder] -->\t<pee>Hier het volledige jaarverslag<\/br>2019<\/pee><!-- [et_pb_line_break_holder] --><\/a><!-- [et_pb_line_break_holder] --><a href=\"mailto:info@livio.nl\" class=\"vragen\"><!-- [et_pb_line_break_holder] -->    <\/p>\n<h2>Vragen?<\/h2>\n<p><!-- [et_pb_line_break_holder] -->\t<pee>Neem contact met ons op<\/pee><!-- [et_pb_line_break_holder] --><\/a>[\/et_pb_code][et_pb_text _builder_version=&#8221;4.9.7&#8243; custom_margin=&#8221;100px||0px||false|false&#8221; custom_margin_tablet=&#8221;0px||0px||false|false&#8221; custom_margin_phone=&#8221;0px||||false|false&#8221; custom_margin_last_edited=&#8221;on|phone&#8221; custom_padding=&#8221;||0px||false|false&#8221; custom_padding_tablet=&#8221;||||false|false&#8221; custom_padding_phone=&#8221;&#8221; custom_padding_last_edited=&#8221;on|tablet&#8221; hover_enabled=&#8221;0&#8243; sticky_enabled=&#8221;0&#8243;]<\/p>\n<h1>Samenwerking in de keten<\/h1>\n<p>[\/et_pb_text][et_pb_text _builder_version=&#8221;4.9.7&#8243; text_text_color=&#8221;#ffffff&#8221; header_4_text_color=&#8221;#ffffff&#8221; custom_margin=&#8221;||-20px||false|false&#8221; custom_margin_tablet=&#8221;||0px||false|false&#8221; custom_margin_phone=&#8221;&#8221; custom_margin_last_edited=&#8221;on|tablet&#8221; hover_enabled=&#8221;0&#8243; sticky_enabled=&#8221;0&#8243;]<\/p>\n<p> Het innemen van een actieve rol in de diverse samenwerkingsketens in de regio, dat is waar Livio voor gaat! <\/p>\n<p>[\/et_pb_text][\/et_pb_column][\/et_pb_row][\/et_pb_section][et_pb_section fb_built=&#8221;1&#8243; _builder_version=&#8221;4.9.4&#8243; background_color=&#8221;#49b170&#8243;][et_pb_row _builder_version=&#8221;4.4.8&#8243; custom_padding=&#8221;20px||20px||false|false&#8221;][et_pb_column type=&#8221;4_4&#8243; _builder_version=&#8221;4.4.8&#8243;][et_pb_text _builder_version=&#8221;4.9.7&#8243; text_text_color=&#8221;#ffffff&#8221; header_4_text_color=&#8221;#ffffff&#8221; text_orientation=&#8221;center&#8221; hover_enabled=&#8221;0&#8243; sticky_enabled=&#8221;0&#8243;]<\/p>\n<p>&nbsp;<\/p>\n<p>Livio heeft de ambitie om in de regio en in de diverse samenwerkingsketens een actieve rol in te nemen, waarbij deze dan met name ten dienste staat van de verbinding tussen de diverse partijen. Met als doel samen te zorgen voor een optimale (zorg)afstemming rond de cli\u00ebnt. Lees hieronder wat Livio in 2020 middels diverse samenwerkingen heeft gerealiseerd. <\/p>\n<p>[\/et_pb_text][\/et_pb_column][\/et_pb_row][et_pb_row column_structure=&#8221;1_3,1_3,1_3&#8243; use_custom_gutter=&#8221;on&#8221; gutter_width=&#8221;1&#8243; module_id=&#8221;scrolloutboxes&#8221; _builder_version=&#8221;4.4.8&#8243; custom_margin=&#8221;0px||||false|false&#8221; custom_padding=&#8221;0px||||false|false&#8221;][et_pb_column type=&#8221;1_3&#8243; _builder_version=&#8221;4.4.8&#8243;][et_pb_toggle title=&#8221;Zorgschakel Enschede &#8221; admin_label=&#8221;Zorgschakel Enschede &#8221; module_class=&#8221;uitklap&#8221; _builder_version=&#8221;4.9.7&#8243; custom_margin=&#8221;||45px||false|false&#8221;]<\/p>\n<p><img decoding=\"async\" loading=\"lazy\" src=\"\/2020\/wp-content\/uploads\/2021\/06\/Logo-Zorgschakel-Enschede-embleem-282x300.jpg\" width=\"282\" height=\"300\" alt=\"\" class=\"wp-image-1659 alignnone size-medium\" srcset=\"https:\/\/jaarverslagen.livio.nl\/2020\/wp-content\/uploads\/2021\/06\/Logo-Zorgschakel-Enschede-embleem-282x300.jpg 282w, https:\/\/jaarverslagen.livio.nl\/2020\/wp-content\/uploads\/2021\/06\/Logo-Zorgschakel-Enschede-embleem.jpg 400w\" sizes=\"(max-width: 282px) 100vw, 282px\" \/><\/p>\n<p>Livio is penvoerder van de co\u00f6peratie Zorgschakel Enschede (ZSE), waarin naast Livio ook de zorgaanbieders Liberein, De Posten en Zorggroep Manna deelnemen. Dit vanuit het doel om in samenwerking zowel de hoogwaardige kwaliteit als de continu\u00efteit\u202fvan specialistische (thuis)zorg\u202fvoor cli\u00ebnten te garanderen.<br \/>De ambitie van de Zorgschakel Enschede is om een naadloos zorglandschap te cre\u00ebren voor elk client in de regio en daarbij de juiste zorg op het juiste moment op de juiste plek te bieden.<\/p>\n<p><strong>Vier specialistische teams<\/strong><br \/>Binnen de co\u00f6peratie mawordt gebruik gemaakt van gezamenlijke capaciteit op het gebied van specialistische zorg. Daardoor kunnen deze gespecialiseerde verpleegkundigen hun kennis en kunde breder inzetten dan slechts binnen de eigen organisatie. Dit betreft de zorg aan cli\u00ebnten inzake de nachtzorg, wondzorg en gespecialiseerde verpleegkundige handelingen\/medisch technisch handelen. De teams tellen een veertigtal medewerkers. De frontoffice van de Zorgschakel, gevestigd in de hal van het ziekenhuis in Enschede (MST), zorgt voor 7&#215;24 uurs toeleiding van cli\u00ebnten naar de voor hun best passende plek van vervolgzorg.\u00a0<\/p>\n<p><strong>Samen innoveren<\/strong><br \/>Ook de inhoudelijke (door)ontwikkeling van de Zorgschakel gebeurt binnen de co\u00f6peratie, waarbij het bestuur en het management van de vier aangesloten organisaties een actieve bijdrage leveren aan de strategische en beleidsmatige ontwikkeling van de Zorgschakel.<\/p>\n<p>In 2020 en 2021 levert Livio ten behoeve van de bestuurlijke activiteiten de bestuurlijk voorzitter en de bestuurssecretaris. In 2020 is, na de eerste fase van kwartiermakerschap, een manager ZSE geworven en per 1 januari 2021 aangesteld.<\/p>\n<p><strong>Resultaten 2020<br \/><\/strong>Het jaar 2020 werd sterk be\u00efnvloed door corona. Zorgschakel Enschede had een co\u00f6rdinerende rol bij de opname op de cohort-afdelingen en nam deel aan netwerk- en afstemmingsoverlegen in de hele regio. Vanuit Livio is een separaat corona-wijkteam opgezet dat ook ter beschikking werd gesteld aan de Zorgschakel partners.<\/p>\n<p>Conform de meerjarenambitie\u00a0 is in 2020 gewerkt aan de volgende <a class=\"open-button\" href=\"#\"><b>thema&#8217;s<\/b><\/a><\/span>.\u00a0<\/p>\n<div class=\"project-overlay\">\n<div class=\"project-wrapper\">\n<div class=\"close-button\"><\/div>\n<div class=\"pop-up-text\">\n<ul>\n<li>de voorbereiding voor een gezamenlijke campagne om mensen voor de zorgsector te interesseren en de opzet van een employability centrum;<\/li>\n<li>voorbereiding om te komen tot identieke (digitale) sleutelkluizen voor alle cli\u00ebnten van de vier partners. Realisatie vindt plaats in 2021;<\/li>\n<li>Verdere uitwerking van de leidraad wijkverpleging naar een gezamenlijk wijkgericht werken in de wijkverpleging. Start van pilot vindt plaats in 2021;<\/li>\n<\/ul>\n<\/div>\n<\/div>\n<\/div>\n<p>Voor meer informatie over de Zorgschakel Enschede zie website <a href=\"https:\/\/www.zorgschakelenschede.nl\/\"><u>www.zorgschakelenschede.nl<\/u><\/a> en het jaarverslag 2020.<\/p>\n<p>[\/et_pb_toggle][et_pb_toggle title=&#8221;Regiovisie Twente&#8221; admin_label=&#8221;Regiovisie&#8221; module_class=&#8221;uitklap&#8221; _builder_version=&#8221;4.9.7&#8243; custom_margin=&#8221;||45px||false|false&#8221;]<\/p>\n<p><strong>Regiobeeld<br \/><\/strong>De beschikbaarheid van goede, tijdige en betaalbare zorg staat onder druk. De stijgende zorgvraag en de afname van het aantal zorgverleners zorgt voor een toenemend gat tussen vraag en aanbod. Een landelijke aanpak kan deze problematiek niet oplossen, daarvoor is een regionale aanpak vereist. Immers, elke regio is anders. Regionale zorgaanbieders, gemeenten, inwoners en andere partijen werken samen om het toekomstig zorglandschap verder vorm te geven. Zo ook in Twente, onze regio met 14 gemeenten en 628.000 Twentenaren.<\/p>\n<p>Livio heeft als grote VVT-aanbieder een actieve bijdrage geleverd aan de totstandkoming in 2020 van het \u2018regiobeeld Twente\u2019, waarin wordt beschreven hoe de regio eruit ziet, wie er wonen en vervolgens hoe het zorglandschap is vormgegeven en met welke zorgaanbieders.<\/p>\n<p><u><a href=\"\/2020\/wp-content\/uploads\/2021\/06\/2020-110-20200603-Infographic-regiobeeld-Twente-DEF.pdf\" target=\"_blank\" rel=\"noopener\"> Link naar infographic regiobeeld<\/a><\/u><\/p>\n<p><strong>Regiovisie Twente Beter<br \/><\/strong>Vanuit deze gezamenlijke beleving van de uitdagingen, is vervolgens een regiovisie opgesteld \u2018Twente Beter\u2019, met als doel het bereiken van meer kwaliteit van leven voor de Twentenaar.<\/p>\n<p><a target=\"_blank\" href=\"\/2020\/wp-content\/uploads\/2021\/06\/Regiovisie-Twente-Beter.pdf\" rel=\"attachment wp-att-1665 noopener\">Regiovisie Twente Beter<\/a><\/p>\n<p>De regiovisie laat zien hoe Twente de zorg in de toekomst kwalitatief goed, toegankelijk en betaalbaar kan houden. De visie stelt dat we er meer kwaliteit van leven voor en door de Twentenaar ontstaat door verdergaande samenwerking tussen burgers, zorgaanbieders, verzekeraars, zorgkantoor en gemeenten. Die samenwerking moet leiden tot een verschuiving van focus op ziekte en zorg, naar gezondheid en gedrag.\u00a0 En tot nieuwe manieren om zelfredzaamheid vorm te geven door het beschikbaar maken van hulp en zorg dichtbij.\u00a0 In de visie zijn gezamenlijke doelen gesteld, vertaald naar concrete acties. Daarbij begint de regio niet opnieuw, maar worden alle mooie initiatieven die er al zijn aan elkaar gekoppeld en hetgeen al goed werkt geoptimaliseerd.<br \/>Livio zet graag de schouders onder deze beweging, vanuit de overtuiging dat we alleen <strong>in samenwerking verder<\/strong> komen in de regio.<\/p>\n<p>[\/et_pb_toggle][\/et_pb_column][et_pb_column type=&#8221;1_3&#8243; _builder_version=&#8221;4.4.8&#8243;][et_pb_toggle title=&#8221;Zorgpad Observatie&#8221; admin_label=&#8221;Zorgpad observatie&#8221; module_class=&#8221;uitklap&#8221; _builder_version=&#8221;4.9.7&#8243; custom_margin=&#8221;||45px||false|false&#8221;]<\/p>\n<p><strong>De juiste zorg op het juiste moment op de juiste plek<\/strong><\/p>\n<p>Regelmatig is het voor huisartsen en de spoedeisende hulp (SEH) artsen niet eenvoudig om de juiste vervolgzorg in te schatten voor een kwetsbare oudere in een crisissituatie. Hierdoor worden ouderen opgenomen in het ziekenhuis, terwijl dat eigenlijk niet nodig is of zij kunnen op een verkeerde plek terechtkomen. Om voor deze groep de zorg te verbeteren heeft in 2020 het initiatief \u2018Zorgpad Observatie\u2019 een vervolg gekregen en is deze eind 2020 ge\u00ebvalueerd.<\/p>\n<p><strong>Het Zorgpad Observatie <\/strong><\/p>\n<p>Dit initiatief, gestart in 2019, is van Zorgschakel Enschede (een samenwerkingsverband van VVT-organisaties Livio, De Posten, Liberein, en Manna), de huisartsen (LHV, THOON), Medisch Spectrum Twente (MST) en zorgverzekeraar Menzis. Livio heeft in 2020 samen met De Posten en Liberein zes observatieplekken in de regio.<br \/>In het Zorgpad wordt multidisciplinair samengewerkt, waarbij de cli\u00ebnt binnen een VVT organisatie gemiddeld 12 dagen wordt geobserveerd, behandeld, getrieerd en ge\u00efndiceerd om vervolgens beter en sneller de juiste vervolgzorg te kunnen bepalen.<\/p>\n<p><strong>Resultaten<br \/><\/strong><\/p>\n<p>De resultaten tonen inderdaad aan dat door de inzet van dit Zorgpad <strong>76% van de cli\u00ebnten nu direct de juiste indicatie en vervolgzorg ontvangt in plaats van voorheen 22%<\/strong> (bij vooraf inschatting van verwijzer). Tevens wordt dubbel werk voorkomen door eenduidige diagnostiek en triage. Ook biedt het een optimale mogelijkheid tot herstel voor de cli\u00ebnt.<\/p>\n<p>Klik <a href=\"\/2020\/wp-content\/uploads\/2021\/05\/7a-Zorgpad-Observatie-infographic-28-05.pdf\" target=\"_blank\" rel=\"noopener\"><u>hier<\/u><\/a> voor de infographic.<\/p>\n<p><strong>Vervolg<\/strong><\/p>\n<p>De resultaten geven voldoende aanleiding om het Zorgpad ook in 2021 te vervolgen.<\/p>\n<p>[\/et_pb_toggle][\/et_pb_column][et_pb_column type=&#8221;1_3&#8243; _builder_version=&#8221;4.4.8&#8243;][et_pb_toggle title=&#8221;Zorg Co\u00f6rdinatie Centrum (ZCC)&#8221; admin_label=&#8221;Zorg Co\u00f6rdinatie Centrum&#8221; module_class=&#8221;uitklap&#8221; _builder_version=&#8221;4.9.7&#8243; custom_margin=&#8221;||45px||false|false&#8221;]<strong>Acute zorg op het juiste moment op de juiste plek<\/strong><br \/>\nDe samenleving en de zorg veranderen, daarmee verandert ook het acute zorglandschap.<\/p>\n<p>De landelijke \u2018houtskoolschets acute zorg\u2019 (discussiestuk over de inrichting en bekostiging van het acute zorglandschap, VWS, 2020,) is door de Twentse zorginstellingen als leidraad gebruikt om in de regio de co\u00f6rdinatie van de acute zorg te verbeteren.<\/p>\n<p>Livio heeft een voortrekkersrol gespeeld in de totstandkoming van onderstaande pilot.<\/p>\n<p>Het zorgco\u00f6rdinatiecentrum (ZCC) Twente is gevestigd op de spoedpost in Enschede. Op deze locatie werken de Livio Zorgcentrale, de triagisten en verpleegkundig centralisten van Ambulance Oost, Spoedzorg Huisartsen Twente, Mediant samen op \u00e9\u00e9n locatie. Op die manier bundelen ze hun krachten om zo betere spoedzorg te bieden. De instellingen Centrale Huisartsenpost Almelo, Carintreggeland en Dimence doen daarnaast actief mee aan de projectorganisatie.<\/p>\n<p><strong><em>Samenwerking verhoogt kwaliteit, juist in deze periode<\/em><\/strong><br \/>\nDe samenwerking in de acute zorgketen was er al. Maar door samen te werken op \u00e9\u00e9n locatie wordt deze nog intensiever. De medewerkers binnen de acute zorg leren elkaar beter kennen en kunnen daardoor beter gebruik maken van elkaars expertise. De pilot, gestart in 2020, zal in 2021 uitwijzen of onderling schakelen gemakkelijker en meer gestructureerd gaat. Voor pati\u00ebnten is de verwachting dat door zorgco\u00f6rdinatie een kwaliteitsverhoging ontstaat van de acute zorg. Onafhankelijk met wie de pati\u00ebnt contact zoekt, leidt de hulpvraag tot het ontvangen van de juiste inzet van acute zorg op het juiste moment op de juiste plek.<\/p>\n<p><img decoding=\"async\" loading=\"lazy\" class=\"wp-image-1195 alignnone \" src=\"\/2020\/wp-content\/uploads\/2021\/06\/Afbeelding3.png\" alt=\"\" width=\"198\" height=\"159\" \/><\/p>\n<p>[\/et_pb_toggle][\/et_pb_column][\/et_pb_row][\/et_pb_section]<\/p>\n","protected":false},"excerpt":{"rendered":"<p>Samenwerking in de keten Het innemen van een actieve rol in de diverse samenwerkingsketens in de regio, dat is waar Livio voor gaat! &nbsp; Livio heeft de ambitie om in de regio en in de diverse samenwerkingsketens een actieve rol in te nemen, waarbij deze dan met name ten dienste staat van de verbinding tussen [&hellip;]<\/p>\n","protected":false},"author":1,"featured_media":0,"parent":0,"menu_order":0,"comment_status":"closed","ping_status":"closed","template":"","meta":{"_et_pb_use_builder":"on","_et_pb_old_content":"","_et_gb_content_width":"","inline_featured_image":false},"_links":{"self":[{"href":"https:\/\/jaarverslagen.livio.nl\/2020\/wp-json\/wp\/v2\/pages\/97"}],"collection":[{"href":"https:\/\/jaarverslagen.livio.nl\/2020\/wp-json\/wp\/v2\/pages"}],"about":[{"href":"https:\/\/jaarverslagen.livio.nl\/2020\/wp-json\/wp\/v2\/types\/page"}],"author":[{"embeddable":true,"href":"https:\/\/jaarverslagen.livio.nl\/2020\/wp-json\/wp\/v2\/users\/1"}],"replies":[{"embeddable":true,"href":"https:\/\/jaarverslagen.livio.nl\/2020\/wp-json\/wp\/v2\/comments?post=97"}],"version-history":[{"count":57,"href":"https:\/\/jaarverslagen.livio.nl\/2020\/wp-json\/wp\/v2\/pages\/97\/revisions"}],"predecessor-version":[{"id":1755,"href":"https:\/\/jaarverslagen.livio.nl\/2020\/wp-json\/wp\/v2\/pages\/97\/revisions\/1755"}],"wp:attachment":[{"href":"https:\/\/jaarverslagen.livio.nl\/2020\/wp-json\/wp\/v2\/media?parent=97"}],"curies":[{"name":"wp","href":"https:\/\/api.w.org\/{rel}","templated":true}]}}