{"id":573,"date":"2021-04-26T10:40:15","date_gmt":"2021-04-26T10:40:15","guid":{"rendered":"http:\/\/livio2020.triplehosting.nl\/?page_id=573"},"modified":"2022-05-03T12:56:31","modified_gmt":"2022-05-03T12:56:31","slug":"aansprekend-vastgoed","status":"publish","type":"page","link":"https:\/\/jaarverslagen.livio.nl\/2021\/aansprekend-vastgoed\/","title":{"rendered":"Aansprekend vastgoed"},"content":{"rendered":"<p>[et_pb_section fb_built=&#8221;1&#8243; _builder_version=&#8221;4.16&#8243; background_color=&#8221;#442683&#8243; background_image=&#8221;\/2021\/wp-content\/uploads\/2020\/06\/Paarse-balk-transparant.png&#8221; background_size=&#8221;contain&#8221; background_position=&#8221;bottom_center&#8221; custom_margin=&#8221;0px||||false|false&#8221; custom_padding=&#8221;0px||0px||false|false&#8221; background_last_edited=&#8221;on|phone&#8221; background_enable_image_tablet=&#8221;off&#8221; global_colors_info=&#8221;{}&#8221;][et_pb_row column_structure=&#8221;1_2,1_2&#8243; make_equal=&#8221;on&#8221; module_id=&#8221;buttoncontainer&#8221; _builder_version=&#8221;4.16&#8243; custom_margin=&#8221;0px||||false|false&#8221; custom_padding=&#8221;0px||||false|false&#8221; global_colors_info=&#8221;{}&#8221;][et_pb_column type=&#8221;1_2&#8243; _builder_version=&#8221;4.16&#8243; custom_css_main_element=&#8221;position: relative;&#8221; global_colors_info=&#8221;{}&#8221;][et_pb_image src=&#8221;\/2021\/wp-content\/uploads\/2021\/06\/Aansprekend-Vastgoed_vervolgpagina.svg&#8221; title_text=&#8221;Aansprekend Vastgoed_vervolgpagina&#8221; _builder_version=&#8221;4.16&#8243; custom_margin=&#8221;0px||0px||false|false&#8221; custom_margin_tablet=&#8221;0px||0px||false|false&#8221; custom_margin_phone=&#8221;&#8221; custom_margin_last_edited=&#8221;on|phone&#8221; custom_css_main_element=&#8221;position: absolute;||bottom: -231px;||left: -100px;||right: -150px;&#8221; global_colors_info=&#8221;{}&#8221; custom_css_main_element_last_edited=&#8221;on|phone&#8221; custom_css_main_element_tablet=&#8221;position: relative;||bottom: 0px;||left: 0px;||right: 0px;&#8221; custom_css_main_element_phone=&#8221;position: relative;||bottom: 0px;||left: 0px;||right: 0px;&#8221;]<br \/>\n[\/et_pb_image][\/et_pb_column][et_pb_column type=&#8221;1_2&#8243; _builder_version=&#8221;4.16&#8243; global_colors_info=&#8221;{}&#8221;][et_pb_code raw_content_last_edited=&#8221;off|desktop&#8221; disabled_on=&#8221;on|on|on&#8221; admin_label=&#8221;Download en vragen cirkels&#8221; _builder_version=&#8221;4.9.4&#8243; custom_margin=&#8221;||0px||false|false&#8221; disabled=&#8221;on&#8221; global_module=&#8221;153&#8243; saved_tabs=&#8221;all&#8221; global_colors_info=&#8221;{}&#8221;]<a href=\"\/download\/\" class=\"download_jaarverslag\"><!-- [et_pb_line_break_holder] -->  <\/p>\n<h2>Download<\/h2>\n<p><!-- [et_pb_line_break_holder] -->\t<pee>Hier het volledige jaarverslag<\/br>2019<\/pee><!-- [et_pb_line_break_holder] --><\/a><!-- [et_pb_line_break_holder] --><a href=\"mailto:info@livio.nl\" class=\"vragen\"><!-- [et_pb_line_break_holder] -->    <\/p>\n<h2>Vragen?<\/h2>\n<p><!-- [et_pb_line_break_holder] -->\t<pee>Neem contact met ons op<\/pee><!-- [et_pb_line_break_holder] --><\/a>[\/et_pb_code][et_pb_text _builder_version=&#8221;4.16&#8243; custom_margin=&#8221;100px||0px||false|false&#8221; custom_margin_tablet=&#8221;0px||0px||false|false&#8221; custom_margin_phone=&#8221;0px||||false|false&#8221; custom_margin_last_edited=&#8221;on|phone&#8221; custom_padding=&#8221;||0px||false|false&#8221; custom_padding_tablet=&#8221;||||false|false&#8221; custom_padding_phone=&#8221;&#8221; custom_padding_last_edited=&#8221;on|tablet&#8221; global_colors_info=&#8221;{}&#8221;]<\/p>\n<h1>Aansprekend vastgoed<\/h1>\n<p>[\/et_pb_text][et_pb_text _builder_version=&#8221;4.16.0&#8243; text_text_color=&#8221;#ffffff&#8221; header_4_text_color=&#8221;#ffffff&#8221; width_tablet=&#8221;&#8221; width_phone=&#8221;&#8221; width_last_edited=&#8221;on|phone&#8221; custom_margin=&#8221;||100px||false|false&#8221; custom_margin_tablet=&#8221;||100px||false|false&#8221; custom_margin_phone=&#8221;||0px||false|false&#8221; custom_margin_last_edited=&#8221;on|phone&#8221; custom_css_main_element=&#8221;max-width: calc(100% &#8211; 200px);&#8221; global_colors_info=&#8221;{}&#8221; custom_css_main_element_last_edited=&#8221;on|desktop&#8221; custom_css_main_element_tablet=&#8221;max-width: calc(100% &#8211; 250px);&#8221; custom_css_main_element_phone=&#8221;||&#8221;]<\/p>\n<p>Beschikken over een aansprekend zorg- en woonaanbod, een ambitie van Livio waar iedere dag weer hard aan wordt gewerkt.<\/p>\n<p>[\/et_pb_text][\/et_pb_column][\/et_pb_row][\/et_pb_section][et_pb_section fb_built=&#8221;1&#8243; _builder_version=&#8221;4.16&#8243; background_color=&#8221;#afca0b&#8221; global_colors_info=&#8221;{}&#8221;][et_pb_row _builder_version=&#8221;4.16&#8243; custom_padding=&#8221;20px||20px||false|false&#8221; global_colors_info=&#8221;{}&#8221;][et_pb_column type=&#8221;4_4&#8243; _builder_version=&#8221;4.16&#8243; global_colors_info=&#8221;{}&#8221;][et_pb_text _builder_version=&#8221;4.16.0&#8243; text_text_color=&#8221;#442683&#8243; header_4_text_color=&#8221;#ffffff&#8221; text_orientation=&#8221;center&#8221; global_colors_info=&#8221;{}&#8221;]<\/p>\n<p>&nbsp;<\/p>\n<p>Het ontwikkelen van een aansprekend woon-zorg aanbod, door passende woonruimte te bieden op de juiste plek en in lijn met Mijn Plan. Zo wil Livio deze ambitie realiseren. Hieronder leest u meer.<\/p>\n<p>[\/et_pb_text][\/et_pb_column][\/et_pb_row][et_pb_row column_structure=&#8221;1_3,1_3,1_3&#8243; use_custom_gutter=&#8221;on&#8221; gutter_width=&#8221;1&#8243; module_id=&#8221;scrolloutboxes&#8221; _builder_version=&#8221;4.16&#8243; custom_margin=&#8221;0px||||false|false&#8221; custom_padding=&#8221;0px||||false|false&#8221; global_colors_info=&#8221;{}&#8221;][et_pb_column type=&#8221;1_3&#8243; _builder_version=&#8221;4.16&#8243; global_colors_info=&#8221;{}&#8221;][et_pb_toggle title=&#8221;Leefomgeving passend bij de toekomstige cli\u00ebnt&#8221; admin_label=&#8221;Uitklap 1&#8243; module_class=&#8221;uitklap&#8221; _builder_version=&#8221;4.16.0&#8243; custom_margin=&#8221;||45px||false|false&#8221; global_colors_info=&#8221;{}&#8221;]<\/p>\n<p>Het aantal ouderen groeit de komende jaren sterk. Daarnaast hebben ouderen een steeds intensievere en\/of meer specialistische zorgvraag. Ook in de toekomst wil Livio deze ouderen de juiste zorg en leefomgeving bieden. Een omgeving die past bij hun wensen en zorgbehoeften en waar cli\u00ebnten met dezelfde zorgbehoeften bij elkaar wonen.<\/p>\n<p>In 2021 is een plan gemaakt hoe Livio hier binnen de negen Woonzorgcentra de komende jaren naar toe gaat werken. Doordat huurders met thuiszorg, cli\u00ebnten met dementie of cli\u00ebnten met lichamelijke aandoeningen bij elkaar wonen, kunnen de medewerkers zich specialiseren en ontvangen de cli\u00ebnten nog gerichter specialistische zorg die volledig past bij hun zorgvraag. <br \/>In de (nabije) toekomst maken we nog meer gebruik van zorgtechnologie en worden appartementen aangepast aan intensievere zorgvragen. Voor cli\u00ebnten met dementie komen er meer huiskamers, waardoor zij kleinschalig wonen rondom een huiskamer.<\/p>\n<p>In 2022 wordt gestart met de implementatie van het plan, dat naar verwachting in 2025 voor alle negen woonzorgcentra zal zijn gerealiseerd.<\/p>\n<p>[\/et_pb_toggle][et_pb_toggle title=&#8221;Woningmutaties&#8221; admin_label=&#8221;Uitklap 1&#8243; module_class=&#8221;uitklap&#8221; _builder_version=&#8221;4.16.0&#8243; custom_margin=&#8221;||45px||false|false&#8221; global_colors_info=&#8221;{}&#8221;]<\/p>\n<p>In 2021 hebben binnen Livio ruim 300 verhuizingen plaatsgevonden naar de verschillende locaties. Elke keer is bij een verhuismoment beoordeeld of de woning aanpassing of modernisering nodig had, om zo weer te voldoen aan de eigentijdse woonwensen. Woningen zijn bijvoorbeeld opnieuw geschilderd of voorzien van andere stoffering. Zo blijft elke woning passend bij de woonwensen \u00e9n de tijdgeest.<\/p>\n<p>[\/et_pb_toggle][\/et_pb_column][et_pb_column type=&#8221;1_3&#8243; _builder_version=&#8221;4.16&#8243; global_colors_info=&#8221;{}&#8221;][et_pb_toggle title=&#8221;Verbouwing De Cromhoff&#8221; admin_label=&#8221;Uitklap 2&#8243; module_class=&#8221;uitklap&#8221; _builder_version=&#8221;4.16.0&#8243; vertical_offset_tablet=&#8221;0&#8243; horizontal_offset_tablet=&#8221;0&#8243; custom_margin=&#8221;||45px||false|false&#8221; title_text_shadow_horizontal_length_tablet=&#8221;0px&#8221; title_text_shadow_vertical_length_tablet=&#8221;0px&#8221; title_text_shadow_blur_strength_tablet=&#8221;1px&#8221; closed_title_text_shadow_horizontal_length_tablet=&#8221;0px&#8221; closed_title_text_shadow_vertical_length_tablet=&#8221;0px&#8221; closed_title_text_shadow_blur_strength_tablet=&#8221;1px&#8221; body_text_shadow_horizontal_length_tablet=&#8221;0px&#8221; body_text_shadow_vertical_length_tablet=&#8221;0px&#8221; body_text_shadow_blur_strength_tablet=&#8221;1px&#8221; body_link_text_shadow_horizontal_length_tablet=&#8221;0px&#8221; body_link_text_shadow_vertical_length_tablet=&#8221;0px&#8221; body_link_text_shadow_blur_strength_tablet=&#8221;1px&#8221; body_ul_text_shadow_horizontal_length_tablet=&#8221;0px&#8221; body_ul_text_shadow_vertical_length_tablet=&#8221;0px&#8221; body_ul_text_shadow_blur_strength_tablet=&#8221;1px&#8221; body_ol_text_shadow_horizontal_length_tablet=&#8221;0px&#8221; body_ol_text_shadow_vertical_length_tablet=&#8221;0px&#8221; body_ol_text_shadow_blur_strength_tablet=&#8221;1px&#8221; body_quote_text_shadow_horizontal_length_tablet=&#8221;0px&#8221; body_quote_text_shadow_vertical_length_tablet=&#8221;0px&#8221; body_quote_text_shadow_blur_strength_tablet=&#8221;1px&#8221; box_shadow_horizontal_tablet=&#8221;0px&#8221; box_shadow_vertical_tablet=&#8221;0px&#8221; box_shadow_blur_tablet=&#8221;40px&#8221; box_shadow_spread_tablet=&#8221;0px&#8221; text_shadow_horizontal_length_tablet=&#8221;0px&#8221; text_shadow_vertical_length_tablet=&#8221;0px&#8221; text_shadow_blur_strength_tablet=&#8221;1px&#8221; global_colors_info=&#8221;{}&#8221;]<\/p>\n<p><strong>Afronding fase 1 en start fase 2\u202f<\/strong><\/p>\n<p>Eind 2020 is gestart met de\u202fgrootscheepse renovatie en verbouwing van verpleeghuis De Cromhoff. Dit wordt vernieuwd tot een eigentijds geriatrisch expertisecentrum in de huidige woonzorgcirkel in Enschede, waar specialistische zorg en verblijf wordt geleverd op het gebied van psychogeriatrische en somatische zorg. Daarnaast biedt het kortdurend verblijf en behandeling bij complexe aandoeningen en inzake geriatrische revalidatiezorg.<br \/>Met deze verbouwing\u202fwordt zowel\u202fde privacy als de\u202fbewegingsvrijheid van de cli\u00ebnt verhoogd\u202fen\u202fde kwaliteit van wonen verder verbeterd.<\/p>\n<p>In 2021 is eerst (fase 1) de vernieuwing van de centrale hal gerealiseerd en het Grand caf\u00e9 gemoderniseerd met daarin ok de winkel. Er is extra lichtinval gecre\u00eberd, gezellige zithoekjes gevormd met extra (be)plant(ing)en en overal zijn frisse kleuren zichtbaar.<\/p>\n<p>Vervolgens is half 2021 gestart (fase 2) met de sloop van een kantoorvleugel en de bouw van een volledig nieuwe vleugel met 30 zorgappartementen. De collega&#8217;s van de ondersteunende diensten, die gebruik maakten van de kantoorvleugel, zijn halverwege 2021 tijdelijk ondergebracht op de locatie Boulevard in Enschede en &#8217;t Meuke in Haaksbergen. Halverwege 2022 zal deze nieuwe vleugel worden opgeleverd.<\/p>\n<p>Tenslotte zal het laatste deel vanaf eind 2022 (fase 3) bestaan uit de renovatie van de huidige zes zorgafdelingen, waarbij deze worden omgevormd naar kleinschalige woongroepen van 10 appartementen en een huiskamer. Dit zal bijdragen aan het leveren van waardevolle persoonsgerichte zorg.<\/p>\n<p><strong>Sfeerimpressie verbouwing De Cromhoff:\u00a0\u00a0<\/strong><\/p>\n<p><a class=\"open-button\" href=\"#\"><u>Resultaat fase 1<\/u><\/a><\/p>\n<div class=\"project-overlay\">\n<div class=\"project-wrapper\">\n<div class=\"close-button\">\u00a0<\/div>\n<div class=\"pop-up-text\"><div id=\"attachment_2016\" style=\"width: 1420px\" class=\"wp-caption aligncenter\"><img decoding=\"async\" loading=\"lazy\" aria-describedby=\"caption-attachment-2016\" class=\"wp-image-2016 size-full\" src=\"https:\/\/jaarverslagen.livio.nl\/2021\/wp-content\/uploads\/2022\/04\/Afbeelding2.jpg\" alt=\"\" width=\"1410\" height=\"781\" srcset=\"https:\/\/jaarverslagen.livio.nl\/2021\/wp-content\/uploads\/2022\/04\/Afbeelding2.jpg 1410w, https:\/\/jaarverslagen.livio.nl\/2021\/wp-content\/uploads\/2022\/04\/Afbeelding2-1280x709.jpg 1280w, https:\/\/jaarverslagen.livio.nl\/2021\/wp-content\/uploads\/2022\/04\/Afbeelding2-980x543.jpg 980w, https:\/\/jaarverslagen.livio.nl\/2021\/wp-content\/uploads\/2022\/04\/Afbeelding2-480x266.jpg 480w\" sizes=\"(min-width: 0px) and (max-width: 480px) 480px, (min-width: 481px) and (max-width: 980px) 980px, (min-width: 981px) and (max-width: 1280px) 1280px, (min-width: 1281px) 1410px, 100vw\" \/><p id=\"caption-attachment-2016\" class=\"wp-caption-text\">Vernieuwde ontvangsthal met receptiebalie en koffiemeubel.<\/p><\/div><div id=\"attachment_2018\" style=\"width: 1414px\" class=\"wp-caption aligncenter\"><img decoding=\"async\" loading=\"lazy\" aria-describedby=\"caption-attachment-2018\" class=\"wp-image-2018 size-full\" src=\"https:\/\/jaarverslagen.livio.nl\/2021\/wp-content\/uploads\/2022\/04\/Afbeelding4.jpg\" alt=\"\" width=\"1404\" height=\"904\" srcset=\"https:\/\/jaarverslagen.livio.nl\/2021\/wp-content\/uploads\/2022\/04\/Afbeelding4.jpg 1404w, https:\/\/jaarverslagen.livio.nl\/2021\/wp-content\/uploads\/2022\/04\/Afbeelding4-1280x824.jpg 1280w, https:\/\/jaarverslagen.livio.nl\/2021\/wp-content\/uploads\/2022\/04\/Afbeelding4-980x631.jpg 980w, https:\/\/jaarverslagen.livio.nl\/2021\/wp-content\/uploads\/2022\/04\/Afbeelding4-480x309.jpg 480w\" sizes=\"(min-width: 0px) and (max-width: 480px) 480px, (min-width: 481px) and (max-width: 980px) 980px, (min-width: 981px) and (max-width: 1280px) 1280px, (min-width: 1281px) 1404px, 100vw\" \/><p id=\"caption-attachment-2018\" class=\"wp-caption-text\">Vernieuwde oefenzaal van het multidisciplinair team.<\/p><\/div><div id=\"attachment_2019\" style=\"width: 1442px\" class=\"wp-caption aligncenter\"><img decoding=\"async\" loading=\"lazy\" aria-describedby=\"caption-attachment-2019\" class=\"wp-image-2019 size-full\" src=\"https:\/\/jaarverslagen.livio.nl\/2021\/wp-content\/uploads\/2022\/04\/Afbeelding5.jpg\" alt=\"\" width=\"1432\" height=\"1074\" srcset=\"https:\/\/jaarverslagen.livio.nl\/2021\/wp-content\/uploads\/2022\/04\/Afbeelding5.jpg 1432w, https:\/\/jaarverslagen.livio.nl\/2021\/wp-content\/uploads\/2022\/04\/Afbeelding5-1280x960.jpg 1280w, https:\/\/jaarverslagen.livio.nl\/2021\/wp-content\/uploads\/2022\/04\/Afbeelding5-980x735.jpg 980w, https:\/\/jaarverslagen.livio.nl\/2021\/wp-content\/uploads\/2022\/04\/Afbeelding5-480x360.jpg 480w\" sizes=\"(min-width: 0px) and (max-width: 480px) 480px, (min-width: 481px) and (max-width: 980px) 980px, (min-width: 981px) and (max-width: 1280px) 1280px, (min-width: 1281px) 1432px, 100vw\" \/><p id=\"caption-attachment-2019\" class=\"wp-caption-text\">Nieuw kantoor multidisciplinair team inclusief 3 focuswerkplekken.<\/p><\/div><\/div>\n<\/div>\n<\/div>\n<p><a class=\"open-button\" href=\"#\"><u>Bouwwerkzaamheden fase 2<\/u><\/a><\/p>\n<div class=\"project-overlay\">\n<div class=\"project-wrapper\">\n<div class=\"close-button\">\u00a0<\/div>\n<div class=\"pop-up-text\"><div id=\"attachment_2149\" style=\"width: 955px\" class=\"wp-caption aligncenter\"><img decoding=\"async\" loading=\"lazy\" aria-describedby=\"caption-attachment-2149\" class=\"wp-image-2149 size-full\" src=\"https:\/\/jaarverslagen.livio.nl\/2021\/wp-content\/uploads\/2022\/05\/Defintief-ontwerp-fase-2.png\" alt=\"\" width=\"945\" height=\"551\" srcset=\"https:\/\/jaarverslagen.livio.nl\/2021\/wp-content\/uploads\/2022\/05\/Defintief-ontwerp-fase-2.png 945w, https:\/\/jaarverslagen.livio.nl\/2021\/wp-content\/uploads\/2022\/05\/Defintief-ontwerp-fase-2-480x280.png 480w\" sizes=\"(min-width: 0px) and (max-width: 480px) 480px, (min-width: 481px) 945px, 100vw\" \/><p id=\"caption-attachment-2149\" class=\"wp-caption-text\">Definitief ontwerp fase 2<\/p><\/div><\/p>\n<p><img decoding=\"async\" loading=\"lazy\" class=\"alignnone wp-image-2028 size-full\" src=\"https:\/\/jaarverslagen.livio.nl\/2021\/wp-content\/uploads\/2022\/04\/Afbeelding6.jpg\" alt=\"\" width=\"1465\" height=\"660\" srcset=\"https:\/\/jaarverslagen.livio.nl\/2021\/wp-content\/uploads\/2022\/04\/Afbeelding6.jpg 1465w, https:\/\/jaarverslagen.livio.nl\/2021\/wp-content\/uploads\/2022\/04\/Afbeelding6-1280x577.jpg 1280w, https:\/\/jaarverslagen.livio.nl\/2021\/wp-content\/uploads\/2022\/04\/Afbeelding6-980x442.jpg 980w, https:\/\/jaarverslagen.livio.nl\/2021\/wp-content\/uploads\/2022\/04\/Afbeelding6-480x216.jpg 480w\" sizes=\"(min-width: 0px) and (max-width: 480px) 480px, (min-width: 481px) and (max-width: 980px) 980px, (min-width: 981px) and (max-width: 1280px) 1280px, (min-width: 1281px) 1465px, 100vw\" \/><\/p>\n<p><img decoding=\"async\" loading=\"lazy\" class=\"alignnone wp-image-2029 size-full\" src=\"https:\/\/jaarverslagen.livio.nl\/2021\/wp-content\/uploads\/2022\/04\/Afbeelding7.jpg\" alt=\"\" width=\"1471\" height=\"662\" srcset=\"https:\/\/jaarverslagen.livio.nl\/2021\/wp-content\/uploads\/2022\/04\/Afbeelding7.jpg 1471w, https:\/\/jaarverslagen.livio.nl\/2021\/wp-content\/uploads\/2022\/04\/Afbeelding7-1280x576.jpg 1280w, https:\/\/jaarverslagen.livio.nl\/2021\/wp-content\/uploads\/2022\/04\/Afbeelding7-980x441.jpg 980w, https:\/\/jaarverslagen.livio.nl\/2021\/wp-content\/uploads\/2022\/04\/Afbeelding7-480x216.jpg 480w\" sizes=\"(min-width: 0px) and (max-width: 480px) 480px, (min-width: 481px) and (max-width: 980px) 980px, (min-width: 981px) and (max-width: 1280px) 1280px, (min-width: 1281px) 1471px, 100vw\" \/><\/p>\n<p><img decoding=\"async\" loading=\"lazy\" class=\"alignnone wp-image-2030 size-full\" src=\"https:\/\/jaarverslagen.livio.nl\/2021\/wp-content\/uploads\/2022\/04\/Afbeelding9.jpg\" alt=\"\" width=\"2272\" height=\"1023\" srcset=\"https:\/\/jaarverslagen.livio.nl\/2021\/wp-content\/uploads\/2022\/04\/Afbeelding9.jpg 2272w, https:\/\/jaarverslagen.livio.nl\/2021\/wp-content\/uploads\/2022\/04\/Afbeelding9-1280x576.jpg 1280w, https:\/\/jaarverslagen.livio.nl\/2021\/wp-content\/uploads\/2022\/04\/Afbeelding9-980x441.jpg 980w, https:\/\/jaarverslagen.livio.nl\/2021\/wp-content\/uploads\/2022\/04\/Afbeelding9-480x216.jpg 480w\" sizes=\"(min-width: 0px) and (max-width: 480px) 480px, (min-width: 481px) and (max-width: 980px) 980px, (min-width: 981px) and (max-width: 1280px) 1280px, (min-width: 1281px) 2272px, 100vw\" \/><\/p>\n<\/div>\n<\/div>\n<\/div>\n<p>[\/et_pb_toggle][\/et_pb_column][et_pb_column type=&#8221;1_3&#8243; _builder_version=&#8221;4.16&#8243; global_colors_info=&#8221;{}&#8221;][et_pb_toggle title=&#8221;Duurzaam Livio&#8221; admin_label=&#8221;Uitklap 3&#8243; module_class=&#8221;uitklap&#8221; _builder_version=&#8221;4.16.0&#8243; vertical_offset_tablet=&#8221;0&#8243; horizontal_offset_tablet=&#8221;0&#8243; custom_margin=&#8221;||45px||false|false&#8221; hover_enabled=&#8221;0&#8243; title_text_shadow_horizontal_length_tablet=&#8221;0px&#8221; title_text_shadow_vertical_length_tablet=&#8221;0px&#8221; title_text_shadow_blur_strength_tablet=&#8221;1px&#8221; closed_title_text_shadow_horizontal_length_tablet=&#8221;0px&#8221; closed_title_text_shadow_vertical_length_tablet=&#8221;0px&#8221; closed_title_text_shadow_blur_strength_tablet=&#8221;1px&#8221; body_text_shadow_horizontal_length_tablet=&#8221;0px&#8221; body_text_shadow_vertical_length_tablet=&#8221;0px&#8221; body_text_shadow_blur_strength_tablet=&#8221;1px&#8221; body_link_text_shadow_horizontal_length_tablet=&#8221;0px&#8221; body_link_text_shadow_vertical_length_tablet=&#8221;0px&#8221; body_link_text_shadow_blur_strength_tablet=&#8221;1px&#8221; body_ul_text_shadow_horizontal_length_tablet=&#8221;0px&#8221; body_ul_text_shadow_vertical_length_tablet=&#8221;0px&#8221; body_ul_text_shadow_blur_strength_tablet=&#8221;1px&#8221; body_ol_text_shadow_horizontal_length_tablet=&#8221;0px&#8221; body_ol_text_shadow_vertical_length_tablet=&#8221;0px&#8221; body_ol_text_shadow_blur_strength_tablet=&#8221;1px&#8221; body_quote_text_shadow_horizontal_length_tablet=&#8221;0px&#8221; body_quote_text_shadow_vertical_length_tablet=&#8221;0px&#8221; body_quote_text_shadow_blur_strength_tablet=&#8221;1px&#8221; box_shadow_horizontal_tablet=&#8221;0px&#8221; box_shadow_vertical_tablet=&#8221;0px&#8221; box_shadow_blur_tablet=&#8221;40px&#8221; box_shadow_spread_tablet=&#8221;0px&#8221; text_shadow_horizontal_length_tablet=&#8221;0px&#8221; text_shadow_vertical_length_tablet=&#8221;0px&#8221; text_shadow_blur_strength_tablet=&#8221;1px&#8221; global_colors_info=&#8221;{}&#8221; sticky_enabled=&#8221;0&#8243;]<\/p>\n<p>Duurzaamheid is een belangrijk speerpunt in de samenleving en daarmee ook bij Livio. Niet alleen vanwege verplichtingen vanuit wet \u2013 en regelgeving, maar ook omdat Livio ervan overtuigd is dat het bijdraagt aan een prettige woon \u2013 en werkomgeving.<\/p>\n<p>Livio is lid van het Milieuplatform Zorg (MPZ), de branchevereniging voor duurzaamheid in de zorg. Dit platform helpt de zorg nog verder te verduurzamen door middel van praktische tools (bijvoorbeeld de\u202fMilieuthermometer Zorg) en goede voorbeelden, handleidingen en tips.<\/p>\n<p><a class=\"open-button\" href=\"#\"><u>Milieuthermometer zorg<\/u><\/a><\/p>\n<div class=\"project-overlay\">\n<div class=\"project-wrapper\">\n<div class=\"close-button\">\u00a0<\/div>\n<div class=\"pop-up-text\">\n<p><strong>Milieuthermometer zorg<\/strong><\/p>\n<p>Met een van die tools, de milieuthermometer zorg, kan een organisatie stap voor stap toewerken naar een duurzaamheidsstatus. Livio zet de stappen naar deze certificering. Dit betekent inzet op duurzaamheid bij een veelvoud aan thema\u2019s, zoals water, lucht, gevaarlijke stoffen, voeding, reiniging, vervoer en inkoop. Aan al deze thema\u2019s wordt hard gewerkt. Zo zet Livio bijvoorbeeld op alle locaties energiemanagement in: onder het motto \u2018meten is weten\u2019 zijn extra meetinstrumenten voor het gebruik van gas, elektra of stadsverwarming aangebracht, waardoor snel bijgesteld kan worden waar nodig. Dat heeft op verschillende plaatsen al tot verbeteringen in de installaties geleid.<\/p>\n<\/div>\n<\/div>\n<\/div>\n<p><a class=\"open-button\" href=\"#\"><u>Klimaatbeheersing<\/u><\/a><\/p>\n<div class=\"project-overlay\">\n<div class=\"project-wrapper\">\n<div class=\"close-button\">\u00a0<\/div>\n<div class=\"pop-up-text\">\n<p><strong>Klimaatbeheersing<\/strong><\/p>\n<p>In het kader van klimaatbeheersing zijn inmiddels alle Grand Caf\u00e9s voorzien van koeling. Ook in 2021 zijn weer planmatig verschillende oplossingen aangebracht om het binnenklimaat op de locaties binnen aanvaardbare grenzen te houden. Wel net zo aangenaam voor onze bewoners tijdens de warme zomerse dagen.<\/p>\n<\/div>\n<\/div>\n<\/div>\n<p><a class=\"open-button\" href=\"#\"><u>Green Deal<\/u><\/a><\/p>\n<div class=\"project-overlay\">\n<div class=\"project-wrapper\">\n<div class=\"close-button\">\u00a0<\/div>\n<div class=\"pop-up-text\">\n<p><strong>Green Deal<\/strong><\/p>\n<p>Met alles waar Livio op dit moment bezig is, wordt voldaan aan de Green Deal zoals die voor zorginstellingen is opgesteld.\u202fMet deze \u2018green deal duurzame zorg\u2019 hebben zorginstellingen, overheden en bedrijven afspraken gemaakt voor een gezonde toekomst met als doel dat de zorg op lange termijn goed is voor mensen, planeet en welvaart. En dus niet leidt tot extra vervuiling of gezondheidsklachten. De doelen zijn gebaseerd op onderstaande vier pijlers: rme zomerse dagen.<\/p>\n<p><img decoding=\"async\" loading=\"lazy\" class=\"alignnone wp-image-2038 size-full\" src=\"https:\/\/jaarverslagen.livio.nl\/2021\/wp-content\/uploads\/2022\/04\/Green-deal.jpg\" alt=\"\" width=\"434\" height=\"233\" srcset=\"https:\/\/jaarverslagen.livio.nl\/2021\/wp-content\/uploads\/2022\/04\/Green-deal.jpg 434w, https:\/\/jaarverslagen.livio.nl\/2021\/wp-content\/uploads\/2022\/04\/Green-deal-300x161.jpg 300w\" sizes=\"(max-width: 434px) 100vw, 434px\" \/><\/p>\n<\/div>\n<\/div>\n<\/div>\n<p>&nbsp;<\/p>\n<p>[\/et_pb_toggle][\/et_pb_column][\/et_pb_row][\/et_pb_section]<\/p>\n","protected":false},"excerpt":{"rendered":"<p>Aansprekend vastgoed Beschikken over een aansprekend zorg- en woonaanbod, een ambitie van Livio waar iedere dag weer hard aan wordt gewerkt. &nbsp; Het ontwikkelen van een aansprekend woon-zorg aanbod, door passende woonruimte te bieden op de juiste plek en in lijn met Mijn Plan. Zo wil Livio deze ambitie realiseren. Hieronder leest u meer. Het [&hellip;]<\/p>\n","protected":false},"author":4,"featured_media":0,"parent":0,"menu_order":0,"comment_status":"closed","ping_status":"closed","template":"","meta":{"_et_pb_use_builder":"on","_et_pb_old_content":"","_et_gb_content_width":"","inline_featured_image":false},"_links":{"self":[{"href":"https:\/\/jaarverslagen.livio.nl\/2021\/wp-json\/wp\/v2\/pages\/573"}],"collection":[{"href":"https:\/\/jaarverslagen.livio.nl\/2021\/wp-json\/wp\/v2\/pages"}],"about":[{"href":"https:\/\/jaarverslagen.livio.nl\/2021\/wp-json\/wp\/v2\/types\/page"}],"author":[{"embeddable":true,"href":"https:\/\/jaarverslagen.livio.nl\/2021\/wp-json\/wp\/v2\/users\/4"}],"replies":[{"embeddable":true,"href":"https:\/\/jaarverslagen.livio.nl\/2021\/wp-json\/wp\/v2\/comments?post=573"}],"version-history":[{"count":75,"href":"https:\/\/jaarverslagen.livio.nl\/2021\/wp-json\/wp\/v2\/pages\/573\/revisions"}],"predecessor-version":[{"id":2260,"href":"https:\/\/jaarverslagen.livio.nl\/2021\/wp-json\/wp\/v2\/pages\/573\/revisions\/2260"}],"wp:attachment":[{"href":"https:\/\/jaarverslagen.livio.nl\/2021\/wp-json\/wp\/v2\/media?parent=573"}],"curies":[{"name":"wp","href":"https:\/\/api.w.org\/{rel}","templated":true}]}}